{"id":2129,"date":"2023-08-06T21:11:43","date_gmt":"2023-08-06T21:11:43","guid":{"rendered":"https:\/\/keerc.org\/?page_id=2129"},"modified":"2024-01-26T12:45:28","modified_gmt":"2024-01-26T12:45:28","slug":"collaboration","status":"publish","type":"page","link":"https:\/\/keerc.org\/sq\/collaboration\/","title":{"rendered":"Bashk\u00ebpunim"},"content":{"rendered":"<p><img decoding=\"async\" class=\"lazyload alignnone size-medium wp-image-2718\" src=\"https:\/\/keerc.org\/wp-content\/uploads\/2024\/01\/academic-collaborations-300x150.jpg\" data-orig-src=\"https:\/\/keerc.org\/wp-content\/uploads\/2024\/01\/academic-collaborations-300x150.jpg\" alt=\"\" width=\"300\" height=\"150\" srcset=\"data:image\/svg+xml,%3Csvg%20xmlns%3D%27http%3A%2F%2Fwww.w3.org%2F2000%2Fsvg%27%20width%3D%27300%27%20height%3D%27150%27%20viewBox%3D%270%200%20300%20150%27%3E%3Crect%20width%3D%27300%27%20height%3D%27150%27%20fill-opacity%3D%220%22%2F%3E%3C%2Fsvg%3E\" data-srcset=\"https:\/\/keerc.org\/wp-content\/uploads\/2024\/01\/academic-collaborations-18x9.jpg 18w, https:\/\/keerc.org\/wp-content\/uploads\/2024\/01\/academic-collaborations-200x100.jpg 200w, https:\/\/keerc.org\/wp-content\/uploads\/2024\/01\/academic-collaborations-300x150.jpg 300w, https:\/\/keerc.org\/wp-content\/uploads\/2024\/01\/academic-collaborations-400x200.jpg 400w, https:\/\/keerc.org\/wp-content\/uploads\/2024\/01\/academic-collaborations-540x272.jpg 540w, https:\/\/keerc.org\/wp-content\/uploads\/2024\/01\/academic-collaborations-600x300.jpg 600w, https:\/\/keerc.org\/wp-content\/uploads\/2024\/01\/academic-collaborations-768x384.jpg 768w, https:\/\/keerc.org\/wp-content\/uploads\/2024\/01\/academic-collaborations-800x400.jpg 800w, https:\/\/keerc.org\/wp-content\/uploads\/2024\/01\/academic-collaborations-1024x512.jpg 1024w, https:\/\/keerc.org\/wp-content\/uploads\/2024\/01\/academic-collaborations.jpg 1200w\" data-sizes=\"auto\" data-orig-sizes=\"(max-width: 300px) 100vw, 300px\" \/><\/p>\n<p>N\u00eb kuad\u00ebr t\u00eb angazhimeve t\u00eb saj, KEERC bashk\u00ebpunon me institucionet shkencore:<\/p>\n<ul>\n<li>Universiteti i Konstanzes<\/li>\n<li>Universiteti i Prishtines<\/li>\n<li>Universiteti i Pejes<\/li>\n<li>Universiteti i Prizrenit<\/li>\n<li>Universiteti i Gjakoves, etj.<\/li>\n<\/ul>\n<p>si dhe me nx\u00ebn\u00ebs nga shkollat lokale (publike dhe private)<\/p>\n<p>&nbsp;<\/p>\n<p>Partner\u00ebt e tjer\u00eb t\u00eb projektit jan\u00eb:<\/p>\n<ul>\n<li>Ministry of Environment, Spatial Planning and Infrastructure (MESPI)\n<ul>\n<li>Kosovo Environmental Protection Agency (KEPA)<\/li>\n<li>Directorate of National parks management,<\/li>\n<\/ul>\n<\/li>\n<li>Ministria e Arsimit, Shkenc\u00ebs, Teknologjis\u00eb dhe Inovacionit (MASHTI)<\/li>\n<li>Ministria e Kultures, Rinise dhe Sportit\n<ul>\n<li>Muzeu Kombetar<\/li>\n<\/ul>\n<\/li>\n<li>Komunat<\/li>\n<li>Sektori i OJQve\n<ul>\n<li>Eco Z<\/li>\n<li>Connection Natural Values with People (CNVP)<\/li>\n<li>Shoqata Ornitologjike Kosovare - KOS<\/li>\n<li>ERA Group etc.<\/li>\n<\/ul>\n<\/li>\n<\/ul>","protected":false},"excerpt":{"rendered":"<p>In the framework of its commitments, KEERC cooperate with scientific [&hellip;]<\/p>\n","protected":false},"author":1,"featured_media":2718,"parent":0,"menu_order":0,"comment_status":"closed","ping_status":"closed","template":"","meta":{"footnotes":""},"class_list":["post-2129","page","type-page","status-publish","has-post-thumbnail","hentry"],"yoast_head":"<!-- This site is optimized with the Yoast SEO plugin v27.4 - https:\/\/yoast.com\/product\/yoast-seo-wordpress\/ -->\n<title>Collaboration - KEERC<\/title>\n<meta name=\"robots\" content=\"index, follow, max-snippet:-1, max-image-preview:large, max-video-preview:-1\" \/>\n<link rel=\"canonical\" href=\"https:\/\/keerc.org\/sq\/collaboration\/\" \/>\n<meta property=\"og:locale\" content=\"sq_AL\" \/>\n<meta property=\"og:type\" content=\"article\" \/>\n<meta property=\"og:title\" content=\"Collaboration - KEERC\" \/>\n<meta property=\"og:description\" content=\"In the framework of its commitments, KEERC cooperate with scientific [&hellip;]\" \/>\n<meta property=\"og:url\" content=\"https:\/\/keerc.org\/sq\/collaboration\/\" \/>\n<meta property=\"og:site_name\" content=\"KEERC\" \/>\n<meta property=\"article:modified_time\" content=\"2024-01-26T12:45:28+00:00\" \/>\n<meta property=\"og:image\" content=\"https:\/\/keerc.org\/wp-content\/uploads\/2024\/01\/academic-collaborations.jpg\" \/>\n\t<meta property=\"og:image:width\" content=\"1200\" \/>\n\t<meta property=\"og:image:height\" content=\"600\" \/>\n\t<meta property=\"og:image:type\" content=\"image\/jpeg\" \/>\n<meta name=\"twitter:card\" content=\"summary_large_image\" \/>\n<meta name=\"twitter:label1\" content=\"Est. reading time\" \/>\n\t<meta name=\"twitter:data1\" content=\"1 minut\u00eb\" \/>\n<script type=\"application\/ld+json\" class=\"yoast-schema-graph\">{\"@context\":\"https:\\\/\\\/schema.org\",\"@graph\":[{\"@type\":\"WebPage\",\"@id\":\"https:\\\/\\\/keerc.org\\\/collaboration\\\/\",\"url\":\"https:\\\/\\\/keerc.org\\\/collaboration\\\/\",\"name\":\"Collaboration - KEERC\",\"isPartOf\":{\"@id\":\"https:\\\/\\\/keerc.org\\\/#website\"},\"primaryImageOfPage\":{\"@id\":\"https:\\\/\\\/keerc.org\\\/collaboration\\\/#primaryimage\"},\"image\":{\"@id\":\"https:\\\/\\\/keerc.org\\\/collaboration\\\/#primaryimage\"},\"thumbnailUrl\":\"https:\\\/\\\/keerc.org\\\/wp-content\\\/uploads\\\/2024\\\/01\\\/academic-collaborations.jpg\",\"datePublished\":\"2023-08-06T21:11:43+00:00\",\"dateModified\":\"2024-01-26T12:45:28+00:00\",\"breadcrumb\":{\"@id\":\"https:\\\/\\\/keerc.org\\\/collaboration\\\/#breadcrumb\"},\"inLanguage\":\"sq\",\"potentialAction\":[{\"@type\":\"ReadAction\",\"target\":[\"https:\\\/\\\/keerc.org\\\/collaboration\\\/\"]}]},{\"@type\":\"ImageObject\",\"inLanguage\":\"sq\",\"@id\":\"https:\\\/\\\/keerc.org\\\/collaboration\\\/#primaryimage\",\"url\":\"https:\\\/\\\/keerc.org\\\/wp-content\\\/uploads\\\/2024\\\/01\\\/academic-collaborations.jpg\",\"contentUrl\":\"https:\\\/\\\/keerc.org\\\/wp-content\\\/uploads\\\/2024\\\/01\\\/academic-collaborations.jpg\",\"width\":1200,\"height\":600},{\"@type\":\"BreadcrumbList\",\"@id\":\"https:\\\/\\\/keerc.org\\\/collaboration\\\/#breadcrumb\",\"itemListElement\":[{\"@type\":\"ListItem\",\"position\":1,\"name\":\"Home\",\"item\":\"https:\\\/\\\/keerc.org\\\/\"},{\"@type\":\"ListItem\",\"position\":2,\"name\":\"Collaboration\"}]},{\"@type\":\"WebSite\",\"@id\":\"https:\\\/\\\/keerc.org\\\/#website\",\"url\":\"https:\\\/\\\/keerc.org\\\/\",\"name\":\"KEERC\",\"description\":\"\",\"potentialAction\":[{\"@type\":\"SearchAction\",\"target\":{\"@type\":\"EntryPoint\",\"urlTemplate\":\"https:\\\/\\\/keerc.org\\\/?s={search_term_string}\"},\"query-input\":{\"@type\":\"PropertyValueSpecification\",\"valueRequired\":true,\"valueName\":\"search_term_string\"}}],\"inLanguage\":\"sq\"}]}<\/script>\n<!-- \/ Yoast SEO plugin. -->","yoast_head_json":{"title":"Collaboration - KEERC","robots":{"index":"index","follow":"follow","max-snippet":"max-snippet:-1","max-image-preview":"max-image-preview:large","max-video-preview":"max-video-preview:-1"},"canonical":"https:\/\/keerc.org\/sq\/collaboration\/","og_locale":"sq_AL","og_type":"article","og_title":"Collaboration - KEERC","og_description":"In the framework of its commitments, KEERC cooperate with scientific [&hellip;]","og_url":"https:\/\/keerc.org\/sq\/collaboration\/","og_site_name":"KEERC","article_modified_time":"2024-01-26T12:45:28+00:00","og_image":[{"width":1200,"height":600,"url":"https:\/\/keerc.org\/wp-content\/uploads\/2024\/01\/academic-collaborations.jpg","type":"image\/jpeg"}],"twitter_card":"summary_large_image","twitter_misc":{"Est. reading time":"1 minut\u00eb"},"schema":{"@context":"https:\/\/schema.org","@graph":[{"@type":"WebPage","@id":"https:\/\/keerc.org\/collaboration\/","url":"https:\/\/keerc.org\/collaboration\/","name":"Collaboration - KEERC","isPartOf":{"@id":"https:\/\/keerc.org\/#website"},"primaryImageOfPage":{"@id":"https:\/\/keerc.org\/collaboration\/#primaryimage"},"image":{"@id":"https:\/\/keerc.org\/collaboration\/#primaryimage"},"thumbnailUrl":"https:\/\/keerc.org\/wp-content\/uploads\/2024\/01\/academic-collaborations.jpg","datePublished":"2023-08-06T21:11:43+00:00","dateModified":"2024-01-26T12:45:28+00:00","breadcrumb":{"@id":"https:\/\/keerc.org\/collaboration\/#breadcrumb"},"inLanguage":"sq","potentialAction":[{"@type":"ReadAction","target":["https:\/\/keerc.org\/collaboration\/"]}]},{"@type":"ImageObject","inLanguage":"sq","@id":"https:\/\/keerc.org\/collaboration\/#primaryimage","url":"https:\/\/keerc.org\/wp-content\/uploads\/2024\/01\/academic-collaborations.jpg","contentUrl":"https:\/\/keerc.org\/wp-content\/uploads\/2024\/01\/academic-collaborations.jpg","width":1200,"height":600},{"@type":"BreadcrumbList","@id":"https:\/\/keerc.org\/collaboration\/#breadcrumb","itemListElement":[{"@type":"ListItem","position":1,"name":"Home","item":"https:\/\/keerc.org\/"},{"@type":"ListItem","position":2,"name":"Collaboration"}]},{"@type":"WebSite","@id":"https:\/\/keerc.org\/#website","url":"https:\/\/keerc.org\/","name":"KEERC","description":"","potentialAction":[{"@type":"SearchAction","target":{"@type":"EntryPoint","urlTemplate":"https:\/\/keerc.org\/?s={search_term_string}"},"query-input":{"@type":"PropertyValueSpecification","valueRequired":true,"valueName":"search_term_string"}}],"inLanguage":"sq"}]}},"_links":{"self":[{"href":"https:\/\/keerc.org\/sq\/wp-json\/wp\/v2\/pages\/2129","targetHints":{"allow":["GET"]}}],"collection":[{"href":"https:\/\/keerc.org\/sq\/wp-json\/wp\/v2\/pages"}],"about":[{"href":"https:\/\/keerc.org\/sq\/wp-json\/wp\/v2\/types\/page"}],"author":[{"embeddable":true,"href":"https:\/\/keerc.org\/sq\/wp-json\/wp\/v2\/users\/1"}],"replies":[{"embeddable":true,"href":"https:\/\/keerc.org\/sq\/wp-json\/wp\/v2\/comments?post=2129"}],"version-history":[{"count":3,"href":"https:\/\/keerc.org\/sq\/wp-json\/wp\/v2\/pages\/2129\/revisions"}],"predecessor-version":[{"id":2719,"href":"https:\/\/keerc.org\/sq\/wp-json\/wp\/v2\/pages\/2129\/revisions\/2719"}],"wp:featuredmedia":[{"embeddable":true,"href":"https:\/\/keerc.org\/sq\/wp-json\/wp\/v2\/media\/2718"}],"wp:attachment":[{"href":"https:\/\/keerc.org\/sq\/wp-json\/wp\/v2\/media?parent=2129"}],"curies":[{"name":"wp","href":"https:\/\/api.w.org\/{rel}","templated":true}]}}