{"id":2657,"date":"2023-12-22T22:53:38","date_gmt":"2023-12-22T22:53:38","guid":{"rendered":"https:\/\/keerc.org\/?page_id=2657"},"modified":"2026-01-21T18:29:46","modified_gmt":"2026-01-21T18:29:46","slug":"museum","status":"publish","type":"page","link":"https:\/\/keerc.org\/sq\/museum\/","title":{"rendered":"Museum"},"content":{"rendered":"<div class=\"fusion-fullwidth fullwidth-box fusion-builder-row-1 fusion-flex-container nonhundred-percent-fullwidth non-hundred-percent-height-scrolling\" style=\"--awb-border-radius-top-left:0px;--awb-border-radius-top-right:0px;--awb-border-radius-bottom-right:0px;--awb-border-radius-bottom-left:0px;--awb-flex-wrap:wrap;\" ><div class=\"fusion-builder-row fusion-row fusion-flex-align-items-flex-start fusion-flex-content-wrap\" style=\"max-width:1302px;margin-left: calc(-5% \/ 2 );margin-right: calc(-5% \/ 2 );\"><div class=\"fusion-layout-column fusion_builder_column fusion-builder-column-0 fusion_builder_column_1_1 1_1 fusion-flex-column\" style=\"--awb-bg-blend:overlay;--awb-bg-size:cover;--awb-width-large:100%;--awb-margin-top-large:0px;--awb-spacing-right-large:2.375%;--awb-margin-bottom-large:0px;--awb-spacing-left-large:2.375%;--awb-width-medium:100%;--awb-spacing-right-medium:2.375%;--awb-spacing-left-medium:2.375%;--awb-width-small:100%;--awb-spacing-right-small:2.375%;--awb-spacing-left-small:2.375%;\"><div class=\"fusion-column-wrapper fusion-flex-justify-content-flex-start fusion-content-layout-column\"><div class=\"fusion-title title fusion-title-1 fusion-sep-none fusion-title-text fusion-title-size-one\"><h1 class=\"fusion-title-heading title-heading-left\" style=\"margin:0;\"><h2>Muzeu yn\u00eb n'Prizren<\/h2><\/h1><\/div><div class=\"fusion-text fusion-text-1\"><p><img decoding=\"async\" class=\"lazyload alignnone wp-image-2899 size-medium\" src=\"https:\/\/keerc.org\/wp-content\/uploads\/2025\/01\/viber_image_2025-01-15_17-17-10-504-300x225.jpg\" data-orig-src=\"https:\/\/keerc.org\/wp-content\/uploads\/2025\/01\/viber_image_2025-01-15_17-17-10-504-300x225.jpg\" alt=\"\" width=\"300\" height=\"225\" srcset=\"data:image\/svg+xml,%3Csvg%20xmlns%3D%27http%3A%2F%2Fwww.w3.org%2F2000%2Fsvg%27%20width%3D%27300%27%20height%3D%27225%27%20viewBox%3D%270%200%20300%20225%27%3E%3Crect%20width%3D%27300%27%20height%3D%27225%27%20fill-opacity%3D%220%22%2F%3E%3C%2Fsvg%3E\" data-srcset=\"https:\/\/keerc.org\/wp-content\/uploads\/2025\/01\/viber_image_2025-01-15_17-17-10-504-16x12.jpg 16w, https:\/\/keerc.org\/wp-content\/uploads\/2025\/01\/viber_image_2025-01-15_17-17-10-504-200x150.jpg 200w, https:\/\/keerc.org\/wp-content\/uploads\/2025\/01\/viber_image_2025-01-15_17-17-10-504-300x225.jpg 300w, https:\/\/keerc.org\/wp-content\/uploads\/2025\/01\/viber_image_2025-01-15_17-17-10-504-400x300.jpg 400w, https:\/\/keerc.org\/wp-content\/uploads\/2025\/01\/viber_image_2025-01-15_17-17-10-504-600x450.jpg 600w, https:\/\/keerc.org\/wp-content\/uploads\/2025\/01\/viber_image_2025-01-15_17-17-10-504-768x576.jpg 768w, https:\/\/keerc.org\/wp-content\/uploads\/2025\/01\/viber_image_2025-01-15_17-17-10-504-800x600.jpg 800w, https:\/\/keerc.org\/wp-content\/uploads\/2025\/01\/viber_image_2025-01-15_17-17-10-504-1024x768.jpg 1024w, https:\/\/keerc.org\/wp-content\/uploads\/2025\/01\/viber_image_2025-01-15_17-17-10-504-1200x900.jpg 1200w, https:\/\/keerc.org\/wp-content\/uploads\/2025\/01\/viber_image_2025-01-15_17-17-10-504-1536x1152.jpg 1536w, https:\/\/keerc.org\/wp-content\/uploads\/2025\/01\/viber_image_2025-01-15_17-17-10-504.jpg 1600w\" data-sizes=\"auto\" data-orig-sizes=\"(max-width: 300px) 100vw, 300px\" \/> <img decoding=\"async\" class=\"lazyload alignnone wp-image-2902\" src=\"https:\/\/keerc.org\/wp-content\/uploads\/2025\/02\/DSC_5655-300x200-1.jpg\" data-orig-src=\"https:\/\/keerc.org\/wp-content\/uploads\/2025\/02\/DSC_5655-300x200-1.jpg\" alt=\"\" width=\"297\" height=\"225\" srcset=\"data:image\/svg+xml,%3Csvg%20xmlns%3D%27http%3A%2F%2Fwww.w3.org%2F2000%2Fsvg%27%20width%3D%27297%27%20height%3D%27225%27%20viewBox%3D%270%200%20297%20225%27%3E%3Crect%20width%3D%27297%27%20height%3D%27225%27%20fill-opacity%3D%220%22%2F%3E%3C%2Fsvg%3E\" data-srcset=\"https:\/\/keerc.org\/wp-content\/uploads\/2025\/02\/DSC_5655-300x200-1-16x12.jpg 16w, https:\/\/keerc.org\/wp-content\/uploads\/2025\/02\/DSC_5655-300x200-1-200x152.jpg 200w, https:\/\/keerc.org\/wp-content\/uploads\/2025\/02\/DSC_5655-300x200-1.jpg 264w\" data-sizes=\"auto\" data-orig-sizes=\"(max-width: 297px) 100vw, 297px\" \/> <img decoding=\"async\" class=\"lazyload alignnone wp-image-2897 size-medium\" src=\"https:\/\/keerc.org\/wp-content\/uploads\/2025\/01\/463489052_17895745872083940_8993596241089299681_n-300x225.jpg\" data-orig-src=\"https:\/\/keerc.org\/wp-content\/uploads\/2025\/01\/463489052_17895745872083940_8993596241089299681_n-300x225.jpg\" alt=\"\" width=\"300\" height=\"225\" srcset=\"data:image\/svg+xml,%3Csvg%20xmlns%3D%27http%3A%2F%2Fwww.w3.org%2F2000%2Fsvg%27%20width%3D%27300%27%20height%3D%27225%27%20viewBox%3D%270%200%20300%20225%27%3E%3Crect%20width%3D%27300%27%20height%3D%27225%27%20fill-opacity%3D%220%22%2F%3E%3C%2Fsvg%3E\" data-srcset=\"https:\/\/keerc.org\/wp-content\/uploads\/2025\/01\/463489052_17895745872083940_8993596241089299681_n-16x12.jpg 16w, https:\/\/keerc.org\/wp-content\/uploads\/2025\/01\/463489052_17895745872083940_8993596241089299681_n-200x150.jpg 200w, https:\/\/keerc.org\/wp-content\/uploads\/2025\/01\/463489052_17895745872083940_8993596241089299681_n-300x225.jpg 300w, https:\/\/keerc.org\/wp-content\/uploads\/2025\/01\/463489052_17895745872083940_8993596241089299681_n-400x300.jpg 400w, https:\/\/keerc.org\/wp-content\/uploads\/2025\/01\/463489052_17895745872083940_8993596241089299681_n-600x450.jpg 600w, https:\/\/keerc.org\/wp-content\/uploads\/2025\/01\/463489052_17895745872083940_8993596241089299681_n-768x576.jpg 768w, https:\/\/keerc.org\/wp-content\/uploads\/2025\/01\/463489052_17895745872083940_8993596241089299681_n-800x600.jpg 800w, https:\/\/keerc.org\/wp-content\/uploads\/2025\/01\/463489052_17895745872083940_8993596241089299681_n-1024x768.jpg 1024w, https:\/\/keerc.org\/wp-content\/uploads\/2025\/01\/463489052_17895745872083940_8993596241089299681_n-1200x900.jpg 1200w, https:\/\/keerc.org\/wp-content\/uploads\/2025\/01\/463489052_17895745872083940_8993596241089299681_n.jpg 1440w\" data-sizes=\"auto\" data-orig-sizes=\"(max-width: 300px) 100vw, 300px\" \/> <img decoding=\"async\" class=\"lazyload alignnone wp-image-2896 size-medium\" src=\"https:\/\/keerc.org\/wp-content\/uploads\/2025\/01\/463472015_17895745884083940_8928167471353669437_n-300x225.jpg\" data-orig-src=\"https:\/\/keerc.org\/wp-content\/uploads\/2025\/01\/463472015_17895745884083940_8928167471353669437_n-300x225.jpg\" alt=\"\" width=\"300\" height=\"225\" srcset=\"data:image\/svg+xml,%3Csvg%20xmlns%3D%27http%3A%2F%2Fwww.w3.org%2F2000%2Fsvg%27%20width%3D%27300%27%20height%3D%27225%27%20viewBox%3D%270%200%20300%20225%27%3E%3Crect%20width%3D%27300%27%20height%3D%27225%27%20fill-opacity%3D%220%22%2F%3E%3C%2Fsvg%3E\" data-srcset=\"https:\/\/keerc.org\/wp-content\/uploads\/2025\/01\/463472015_17895745884083940_8928167471353669437_n-16x12.jpg 16w, https:\/\/keerc.org\/wp-content\/uploads\/2025\/01\/463472015_17895745884083940_8928167471353669437_n-200x150.jpg 200w, https:\/\/keerc.org\/wp-content\/uploads\/2025\/01\/463472015_17895745884083940_8928167471353669437_n-300x225.jpg 300w, https:\/\/keerc.org\/wp-content\/uploads\/2025\/01\/463472015_17895745884083940_8928167471353669437_n-400x300.jpg 400w, https:\/\/keerc.org\/wp-content\/uploads\/2025\/01\/463472015_17895745884083940_8928167471353669437_n-600x450.jpg 600w, https:\/\/keerc.org\/wp-content\/uploads\/2025\/01\/463472015_17895745884083940_8928167471353669437_n-768x576.jpg 768w, https:\/\/keerc.org\/wp-content\/uploads\/2025\/01\/463472015_17895745884083940_8928167471353669437_n-800x600.jpg 800w, https:\/\/keerc.org\/wp-content\/uploads\/2025\/01\/463472015_17895745884083940_8928167471353669437_n-1024x768.jpg 1024w, https:\/\/keerc.org\/wp-content\/uploads\/2025\/01\/463472015_17895745884083940_8928167471353669437_n-1200x900.jpg 1200w, https:\/\/keerc.org\/wp-content\/uploads\/2025\/01\/463472015_17895745884083940_8928167471353669437_n.jpg 1440w\" data-sizes=\"auto\" data-orig-sizes=\"(max-width: 300px) 100vw, 300px\" \/><img decoding=\"async\" class=\"lazyload alignnone wp-image-3034 size-medium\" src=\"https:\/\/keerc.org\/wp-content\/uploads\/2025\/03\/DSC_5651-2-scaled-e1742951782826-300x226.jpg\" data-orig-src=\"https:\/\/keerc.org\/wp-content\/uploads\/2025\/03\/DSC_5651-2-scaled-e1742951782826-300x226.jpg\" alt=\"\" width=\"300\" height=\"226\" srcset=\"data:image\/svg+xml,%3Csvg%20xmlns%3D%27http%3A%2F%2Fwww.w3.org%2F2000%2Fsvg%27%20width%3D%27300%27%20height%3D%27226%27%20viewBox%3D%270%200%20300%20226%27%3E%3Crect%20width%3D%27300%27%20height%3D%27226%27%20fill-opacity%3D%220%22%2F%3E%3C%2Fsvg%3E\" data-srcset=\"https:\/\/keerc.org\/wp-content\/uploads\/2025\/03\/DSC_5651-2-scaled-e1742951782826-16x12.jpg 16w, https:\/\/keerc.org\/wp-content\/uploads\/2025\/03\/DSC_5651-2-scaled-e1742951782826-200x151.jpg 200w, https:\/\/keerc.org\/wp-content\/uploads\/2025\/03\/DSC_5651-2-scaled-e1742951782826-300x226.jpg 300w, https:\/\/keerc.org\/wp-content\/uploads\/2025\/03\/DSC_5651-2-scaled-e1742951782826-400x302.jpg 400w, https:\/\/keerc.org\/wp-content\/uploads\/2025\/03\/DSC_5651-2-scaled-e1742951782826-600x452.jpg 600w, https:\/\/keerc.org\/wp-content\/uploads\/2025\/03\/DSC_5651-2-scaled-e1742951782826-768x579.jpg 768w, https:\/\/keerc.org\/wp-content\/uploads\/2025\/03\/DSC_5651-2-scaled-e1742951782826-800x603.jpg 800w, https:\/\/keerc.org\/wp-content\/uploads\/2025\/03\/DSC_5651-2-scaled-e1742951782826-1024x772.jpg 1024w, https:\/\/keerc.org\/wp-content\/uploads\/2025\/03\/DSC_5651-2-scaled-e1742951782826-1200x905.jpg 1200w, https:\/\/keerc.org\/wp-content\/uploads\/2025\/03\/DSC_5651-2-scaled-e1742951782826-1536x1158.jpg 1536w\" data-sizes=\"auto\" data-orig-sizes=\"(max-width: 300px) 100vw, 300px\" \/> <img decoding=\"async\" class=\"lazyload alignnone wp-image-2895 size-medium\" src=\"https:\/\/keerc.org\/wp-content\/uploads\/2025\/01\/463488959_17895745851083940_1043995760460742839_n-e1743036039847-300x228.jpg\" data-orig-src=\"https:\/\/keerc.org\/wp-content\/uploads\/2025\/01\/463488959_17895745851083940_1043995760460742839_n-e1743036039847-300x228.jpg\" alt=\"\" width=\"300\" height=\"228\" srcset=\"data:image\/svg+xml,%3Csvg%20xmlns%3D%27http%3A%2F%2Fwww.w3.org%2F2000%2Fsvg%27%20width%3D%27300%27%20height%3D%27228%27%20viewBox%3D%270%200%20300%20228%27%3E%3Crect%20width%3D%27300%27%20height%3D%27228%27%20fill-opacity%3D%220%22%2F%3E%3C%2Fsvg%3E\" data-srcset=\"https:\/\/keerc.org\/wp-content\/uploads\/2025\/01\/463488959_17895745851083940_1043995760460742839_n-e1743036039847-16x12.jpg 16w, https:\/\/keerc.org\/wp-content\/uploads\/2025\/01\/463488959_17895745851083940_1043995760460742839_n-e1743036039847-200x152.jpg 200w, https:\/\/keerc.org\/wp-content\/uploads\/2025\/01\/463488959_17895745851083940_1043995760460742839_n-e1743036039847-300x228.jpg 300w, https:\/\/keerc.org\/wp-content\/uploads\/2025\/01\/463488959_17895745851083940_1043995760460742839_n-e1743036039847-400x304.jpg 400w, https:\/\/keerc.org\/wp-content\/uploads\/2025\/01\/463488959_17895745851083940_1043995760460742839_n-e1743036039847-600x456.jpg 600w, https:\/\/keerc.org\/wp-content\/uploads\/2025\/01\/463488959_17895745851083940_1043995760460742839_n-e1743036039847-768x584.jpg 768w, https:\/\/keerc.org\/wp-content\/uploads\/2025\/01\/463488959_17895745851083940_1043995760460742839_n-e1743036039847-800x608.jpg 800w, https:\/\/keerc.org\/wp-content\/uploads\/2025\/01\/463488959_17895745851083940_1043995760460742839_n-e1743036039847-1024x778.jpg 1024w, https:\/\/keerc.org\/wp-content\/uploads\/2025\/01\/463488959_17895745851083940_1043995760460742839_n-e1743036039847-1200x912.jpg 1200w, https:\/\/keerc.org\/wp-content\/uploads\/2025\/01\/463488959_17895745851083940_1043995760460742839_n-e1743036039847.jpg 1395w\" data-sizes=\"auto\" data-orig-sizes=\"(max-width: 300px) 100vw, 300px\" \/> <img decoding=\"async\" class=\"lazyload alignnone wp-image-2907 size-medium\" src=\"https:\/\/keerc.org\/wp-content\/uploads\/2025\/02\/DSC_5695-2-300x226.jpg\" data-orig-src=\"https:\/\/keerc.org\/wp-content\/uploads\/2025\/02\/DSC_5695-2-300x226.jpg\" alt=\"\" width=\"300\" height=\"226\" srcset=\"data:image\/svg+xml,%3Csvg%20xmlns%3D%27http%3A%2F%2Fwww.w3.org%2F2000%2Fsvg%27%20width%3D%27300%27%20height%3D%27226%27%20viewBox%3D%270%200%20300%20226%27%3E%3Crect%20width%3D%27300%27%20height%3D%27226%27%20fill-opacity%3D%220%22%2F%3E%3C%2Fsvg%3E\" data-srcset=\"https:\/\/keerc.org\/wp-content\/uploads\/2025\/02\/DSC_5695-2-16x12.jpg 16w, https:\/\/keerc.org\/wp-content\/uploads\/2025\/02\/DSC_5695-2-200x151.jpg 200w, https:\/\/keerc.org\/wp-content\/uploads\/2025\/02\/DSC_5695-2-300x226.jpg 300w, https:\/\/keerc.org\/wp-content\/uploads\/2025\/02\/DSC_5695-2-400x302.jpg 400w, https:\/\/keerc.org\/wp-content\/uploads\/2025\/02\/DSC_5695-2-600x453.jpg 600w, https:\/\/keerc.org\/wp-content\/uploads\/2025\/02\/DSC_5695-2-768x580.jpg 768w, https:\/\/keerc.org\/wp-content\/uploads\/2025\/02\/DSC_5695-2-800x604.jpg 800w, https:\/\/keerc.org\/wp-content\/uploads\/2025\/02\/DSC_5695-2-1024x773.jpg 1024w, https:\/\/keerc.org\/wp-content\/uploads\/2025\/02\/DSC_5695-2-1200x906.jpg 1200w, https:\/\/keerc.org\/wp-content\/uploads\/2025\/02\/DSC_5695-2-1536x1159.jpg 1536w\" data-sizes=\"auto\" data-orig-sizes=\"(max-width: 300px) 100vw, 300px\" \/><img decoding=\"async\" class=\"lazyload alignnone size-medium wp-image-3030\" src=\"https:\/\/keerc.org\/wp-content\/uploads\/2025\/03\/436270452_767479625527709_3966362978338017096_n-1-3-300x225.jpg\" data-orig-src=\"https:\/\/keerc.org\/wp-content\/uploads\/2025\/03\/436270452_767479625527709_3966362978338017096_n-1-3-300x225.jpg\" alt=\"\" width=\"300\" height=\"225\" srcset=\"data:image\/svg+xml,%3Csvg%20xmlns%3D%27http%3A%2F%2Fwww.w3.org%2F2000%2Fsvg%27%20width%3D%27300%27%20height%3D%27225%27%20viewBox%3D%270%200%20300%20225%27%3E%3Crect%20width%3D%27300%27%20height%3D%27225%27%20fill-opacity%3D%220%22%2F%3E%3C%2Fsvg%3E\" data-srcset=\"https:\/\/keerc.org\/wp-content\/uploads\/2025\/03\/436270452_767479625527709_3966362978338017096_n-1-3-16x12.jpg 16w, https:\/\/keerc.org\/wp-content\/uploads\/2025\/03\/436270452_767479625527709_3966362978338017096_n-1-3-200x150.jpg 200w, https:\/\/keerc.org\/wp-content\/uploads\/2025\/03\/436270452_767479625527709_3966362978338017096_n-1-3-300x225.jpg 300w, https:\/\/keerc.org\/wp-content\/uploads\/2025\/03\/436270452_767479625527709_3966362978338017096_n-1-3-400x300.jpg 400w, https:\/\/keerc.org\/wp-content\/uploads\/2025\/03\/436270452_767479625527709_3966362978338017096_n-1-3-600x450.jpg 600w, https:\/\/keerc.org\/wp-content\/uploads\/2025\/03\/436270452_767479625527709_3966362978338017096_n-1-3-768x577.jpg 768w, https:\/\/keerc.org\/wp-content\/uploads\/2025\/03\/436270452_767479625527709_3966362978338017096_n-1-3-800x601.jpg 800w, https:\/\/keerc.org\/wp-content\/uploads\/2025\/03\/436270452_767479625527709_3966362978338017096_n-1-3-1024x769.jpg 1024w, https:\/\/keerc.org\/wp-content\/uploads\/2025\/03\/436270452_767479625527709_3966362978338017096_n-1-3.jpg 1091w\" data-sizes=\"auto\" data-orig-sizes=\"(max-width: 300px) 100vw, 300px\" \/><\/p>\n<p>KEERC now owns a museum located in the area of Univerity Prizren. This station has office space, a library with contemporary literature and a laboratory with many specimens of flora and fauna collected during the 6 summer schools held in advance.<\/p>\n<p>Hap\u00ebsira e k\u00ebtij stacioni mund t\u00eb p\u00ebrdoret p\u00ebr organizime t\u00eb ndryshme si: shkolla verore, trajnime, kurse t\u00eb ndryshme p\u00ebr student\u00eb dhe nx\u00ebn\u00ebs, takime t\u00eb ekspert\u00ebve dhe grupeve hulumtuese vendore dhe nd\u00ebrkomb\u00ebtare etj.<\/p>\n<p>Stacioni ka nj\u00eb gam\u00eb t\u00eb gjer\u00eb objektesh si: pajisje laboratorike, dylbi, teleskop\u00eb, rrjeta dhe kurthe t\u00eb disponueshme p\u00ebr p\u00ebrdorim, si dhe materiale ilustruese (p.sh. kafka, peshq dhe zvarranik\u00eb t\u00eb konservuar, ekzemplar\u00eb zogjsh dhe gjitar\u00ebsh, mbetje t\u00eb gjahut, koleksione t\u00eb insektet, molusqet etj.) t\u00eb cilat jan\u00eb n\u00eb dispozicion p\u00ebr vizitor\u00ebt.<\/p>\n<p>Nese jeni t\u00eb interesuar t\u00eb p\u00ebrdorni stacionin e terrenit p\u00ebr hulumtime apo m\u00ebsimdh\u00ebnie na kontaktoni n\u00eb: info@keerc.org | https:\/\/keerc.org\/field-station\/ <a href=\"mailto:qenan.maxhuni@keerc.org\">info@keerc.org<\/a><\/p>\n<\/div><\/div><\/div><\/div><\/div>","protected":false},"excerpt":{"rendered":"","protected":false},"author":3,"featured_media":2705,"parent":0,"menu_order":0,"comment_status":"closed","ping_status":"closed","template":"","meta":{"footnotes":""},"class_list":["post-2657","page","type-page","status-publish","has-post-thumbnail","hentry"],"yoast_head":"<!-- This site is optimized with the Yoast SEO plugin v27.3 - https:\/\/yoast.com\/product\/yoast-seo-wordpress\/ -->\n<title>Museum - KEERC<\/title>\n<meta name=\"robots\" content=\"index, follow, max-snippet:-1, max-image-preview:large, max-video-preview:-1\" \/>\n<link rel=\"canonical\" href=\"https:\/\/keerc.org\/sq\/museum\/\" \/>\n<meta property=\"og:locale\" content=\"sq_AL\" \/>\n<meta property=\"og:type\" content=\"article\" \/>\n<meta property=\"og:title\" content=\"Museum - KEERC\" \/>\n<meta property=\"og:url\" content=\"https:\/\/keerc.org\/sq\/museum\/\" \/>\n<meta property=\"og:site_name\" content=\"KEERC\" \/>\n<meta property=\"article:modified_time\" content=\"2026-01-21T18:29:46+00:00\" \/>\n<meta property=\"og:image\" content=\"https:\/\/keerc.org\/wp-content\/uploads\/2024\/01\/37922651_486483841823131_4687495627175624704_n1.jpeg\" \/>\n\t<meta property=\"og:image:width\" content=\"960\" \/>\n\t<meta property=\"og:image:height\" content=\"532\" \/>\n\t<meta property=\"og:image:type\" content=\"image\/jpeg\" \/>\n<meta name=\"twitter:card\" content=\"summary_large_image\" \/>\n<meta name=\"twitter:label1\" content=\"Est. reading time\" \/>\n\t<meta name=\"twitter:data1\" content=\"3 minuta\" \/>\n<script type=\"application\/ld+json\" class=\"yoast-schema-graph\">{\"@context\":\"https:\\\/\\\/schema.org\",\"@graph\":[{\"@type\":\"WebPage\",\"@id\":\"https:\\\/\\\/keerc.org\\\/museum\\\/\",\"url\":\"https:\\\/\\\/keerc.org\\\/museum\\\/\",\"name\":\"Museum - KEERC\",\"isPartOf\":{\"@id\":\"https:\\\/\\\/keerc.org\\\/#website\"},\"primaryImageOfPage\":{\"@id\":\"https:\\\/\\\/keerc.org\\\/museum\\\/#primaryimage\"},\"image\":{\"@id\":\"https:\\\/\\\/keerc.org\\\/museum\\\/#primaryimage\"},\"thumbnailUrl\":\"https:\\\/\\\/keerc.org\\\/wp-content\\\/uploads\\\/2024\\\/01\\\/37922651_486483841823131_4687495627175624704_n1.jpeg\",\"datePublished\":\"2023-12-22T22:53:38+00:00\",\"dateModified\":\"2026-01-21T18:29:46+00:00\",\"breadcrumb\":{\"@id\":\"https:\\\/\\\/keerc.org\\\/museum\\\/#breadcrumb\"},\"inLanguage\":\"sq\",\"potentialAction\":[{\"@type\":\"ReadAction\",\"target\":[\"https:\\\/\\\/keerc.org\\\/museum\\\/\"]}]},{\"@type\":\"ImageObject\",\"inLanguage\":\"sq\",\"@id\":\"https:\\\/\\\/keerc.org\\\/museum\\\/#primaryimage\",\"url\":\"https:\\\/\\\/keerc.org\\\/wp-content\\\/uploads\\\/2024\\\/01\\\/37922651_486483841823131_4687495627175624704_n1.jpeg\",\"contentUrl\":\"https:\\\/\\\/keerc.org\\\/wp-content\\\/uploads\\\/2024\\\/01\\\/37922651_486483841823131_4687495627175624704_n1.jpeg\",\"width\":960,\"height\":532},{\"@type\":\"BreadcrumbList\",\"@id\":\"https:\\\/\\\/keerc.org\\\/museum\\\/#breadcrumb\",\"itemListElement\":[{\"@type\":\"ListItem\",\"position\":1,\"name\":\"Home\",\"item\":\"https:\\\/\\\/keerc.org\\\/\"},{\"@type\":\"ListItem\",\"position\":2,\"name\":\"Museum\"}]},{\"@type\":\"WebSite\",\"@id\":\"https:\\\/\\\/keerc.org\\\/#website\",\"url\":\"https:\\\/\\\/keerc.org\\\/\",\"name\":\"KEERC\",\"description\":\"\",\"potentialAction\":[{\"@type\":\"SearchAction\",\"target\":{\"@type\":\"EntryPoint\",\"urlTemplate\":\"https:\\\/\\\/keerc.org\\\/?s={search_term_string}\"},\"query-input\":{\"@type\":\"PropertyValueSpecification\",\"valueRequired\":true,\"valueName\":\"search_term_string\"}}],\"inLanguage\":\"sq\"}]}<\/script>\n<!-- \/ Yoast SEO plugin. -->","yoast_head_json":{"title":"Museum - KEERC","robots":{"index":"index","follow":"follow","max-snippet":"max-snippet:-1","max-image-preview":"max-image-preview:large","max-video-preview":"max-video-preview:-1"},"canonical":"https:\/\/keerc.org\/sq\/museum\/","og_locale":"sq_AL","og_type":"article","og_title":"Museum - KEERC","og_url":"https:\/\/keerc.org\/sq\/museum\/","og_site_name":"KEERC","article_modified_time":"2026-01-21T18:29:46+00:00","og_image":[{"width":960,"height":532,"url":"https:\/\/keerc.org\/wp-content\/uploads\/2024\/01\/37922651_486483841823131_4687495627175624704_n1.jpeg","type":"image\/jpeg"}],"twitter_card":"summary_large_image","twitter_misc":{"Est. reading time":"3 minuta"},"schema":{"@context":"https:\/\/schema.org","@graph":[{"@type":"WebPage","@id":"https:\/\/keerc.org\/museum\/","url":"https:\/\/keerc.org\/museum\/","name":"Museum - KEERC","isPartOf":{"@id":"https:\/\/keerc.org\/#website"},"primaryImageOfPage":{"@id":"https:\/\/keerc.org\/museum\/#primaryimage"},"image":{"@id":"https:\/\/keerc.org\/museum\/#primaryimage"},"thumbnailUrl":"https:\/\/keerc.org\/wp-content\/uploads\/2024\/01\/37922651_486483841823131_4687495627175624704_n1.jpeg","datePublished":"2023-12-22T22:53:38+00:00","dateModified":"2026-01-21T18:29:46+00:00","breadcrumb":{"@id":"https:\/\/keerc.org\/museum\/#breadcrumb"},"inLanguage":"sq","potentialAction":[{"@type":"ReadAction","target":["https:\/\/keerc.org\/museum\/"]}]},{"@type":"ImageObject","inLanguage":"sq","@id":"https:\/\/keerc.org\/museum\/#primaryimage","url":"https:\/\/keerc.org\/wp-content\/uploads\/2024\/01\/37922651_486483841823131_4687495627175624704_n1.jpeg","contentUrl":"https:\/\/keerc.org\/wp-content\/uploads\/2024\/01\/37922651_486483841823131_4687495627175624704_n1.jpeg","width":960,"height":532},{"@type":"BreadcrumbList","@id":"https:\/\/keerc.org\/museum\/#breadcrumb","itemListElement":[{"@type":"ListItem","position":1,"name":"Home","item":"https:\/\/keerc.org\/"},{"@type":"ListItem","position":2,"name":"Museum"}]},{"@type":"WebSite","@id":"https:\/\/keerc.org\/#website","url":"https:\/\/keerc.org\/","name":"KEERC","description":"","potentialAction":[{"@type":"SearchAction","target":{"@type":"EntryPoint","urlTemplate":"https:\/\/keerc.org\/?s={search_term_string}"},"query-input":{"@type":"PropertyValueSpecification","valueRequired":true,"valueName":"search_term_string"}}],"inLanguage":"sq"}]}},"_links":{"self":[{"href":"https:\/\/keerc.org\/sq\/wp-json\/wp\/v2\/pages\/2657","targetHints":{"allow":["GET"]}}],"collection":[{"href":"https:\/\/keerc.org\/sq\/wp-json\/wp\/v2\/pages"}],"about":[{"href":"https:\/\/keerc.org\/sq\/wp-json\/wp\/v2\/types\/page"}],"author":[{"embeddable":true,"href":"https:\/\/keerc.org\/sq\/wp-json\/wp\/v2\/users\/3"}],"replies":[{"embeddable":true,"href":"https:\/\/keerc.org\/sq\/wp-json\/wp\/v2\/comments?post=2657"}],"version-history":[{"count":20,"href":"https:\/\/keerc.org\/sq\/wp-json\/wp\/v2\/pages\/2657\/revisions"}],"predecessor-version":[{"id":3116,"href":"https:\/\/keerc.org\/sq\/wp-json\/wp\/v2\/pages\/2657\/revisions\/3116"}],"wp:featuredmedia":[{"embeddable":true,"href":"https:\/\/keerc.org\/sq\/wp-json\/wp\/v2\/media\/2705"}],"wp:attachment":[{"href":"https:\/\/keerc.org\/sq\/wp-json\/wp\/v2\/media?parent=2657"}],"curies":[{"name":"wp","href":"https:\/\/api.w.org\/{rel}","templated":true}]}}