{"id":2964,"date":"2025-03-23T14:10:44","date_gmt":"2025-03-23T14:10:44","guid":{"rendered":"https:\/\/keerc.org\/?page_id=2964"},"modified":"2025-03-27T00:32:17","modified_gmt":"2025-03-27T00:32:17","slug":"why-is-keerc-important-to-establish","status":"publish","type":"page","link":"https:\/\/keerc.org\/sq\/why-is-keerc-important-to-establish\/","title":{"rendered":"Pse \u00ebsht\u00eb e r\u00ebnd\u00ebsishme t\u00eb krijohet KEERC?"},"content":{"rendered":"<p><div class=\"fusion-fullwidth fullwidth-box fusion-builder-row-1 fusion-flex-container has-pattern-background has-mask-background nonhundred-percent-fullwidth non-hundred-percent-height-scrolling\" style=\"--awb-border-radius-top-left:0px;--awb-border-radius-top-right:0px;--awb-border-radius-bottom-right:0px;--awb-border-radius-bottom-left:0px;--awb-margin-top:60px;--awb-flex-wrap:wrap;\" ><div class=\"fusion-builder-row fusion-row fusion-flex-align-items-flex-start fusion-flex-content-wrap\" style=\"max-width:1302px;margin-left: calc(-5% \/ 2 );margin-right: calc(-5% \/ 2 );\"><div class=\"fusion-layout-column fusion_builder_column fusion-builder-column-0 fusion_builder_column_1_1 1_1 fusion-flex-column\" style=\"--awb-bg-size:cover;--awb-width-large:100%;--awb-margin-top-large:0px;--awb-spacing-right-large:2.375%;--awb-margin-bottom-large:0px;--awb-spacing-left-large:2.375%;--awb-width-medium:100%;--awb-order-medium:0;--awb-spacing-right-medium:2.375%;--awb-spacing-left-medium:2.375%;--awb-width-small:100%;--awb-order-small:0;--awb-spacing-right-small:2.375%;--awb-spacing-left-small:2.375%;\"><div class=\"fusion-column-wrapper fusion-column-has-shadow fusion-flex-justify-content-flex-start fusion-content-layout-column\"><div class=\"fusion-separator fusion-full-width-sep\" style=\"align-self: center;margin-left: auto;margin-right: auto;margin-top:25px;margin-bottom:60px;width:100%;\"><div class=\"fusion-separator-border sep-single sep-solid\" style=\"--awb-height:20px;--awb-amount:20px;--awb-sep-color:var(--awb-color2);border-color:var(--awb-color2);border-top-width:1px;\"><\/div><\/div><div class=\"fusion-title title fusion-title-1 fusion-no-small-visibility fusion-sep-none fusion-title-center fusion-title-text fusion-title-size-three\" style=\"--awb-margin-bottom:35px;\"><h3 class=\"fusion-title-heading title-heading-center\" style=\"font-family:&quot;Montserrat&quot;;font-style:normal;font-weight:400;margin:0;text-transform:capitalize;\"><h2>Pse \u00ebsht\u00eb e r\u00ebnd\u00ebsishme t\u00eb krijohet KEERC?<\/h2><\/h3><\/div><div class=\"fusion-title title fusion-title-2 fusion-no-medium-visibility fusion-no-large-visibility fusion-sep-none fusion-title-center fusion-title-text fusion-title-size-three\" style=\"--awb-margin-bottom:35px;--awb-margin-bottom-small:35px;\"><h3 class=\"fusion-title-heading title-heading-center sm-text-align-left\" style=\"margin:0;\">Your trusted source for breaking news and expert analysis<\/h3><\/div><div class=\"fusion-builder-row fusion-builder-row-inner fusion-row fusion-flex-align-items-flex-start fusion-flex-content-wrap\" style=\"width:105% !important;max-width:105% !important;margin-left: calc(-5% \/ 2 );margin-right: calc(-5% \/ 2 );\"><div class=\"fusion-layout-column fusion_builder_column_inner fusion-builder-nested-column-0 fusion_builder_column_inner_1_2 1_2 fusion-flex-column\" style=\"--awb-padding-bottom:20px;--awb-bg-size:cover;--awb-width-large:50%;--awb-margin-top-large:0px;--awb-spacing-right-large:4.75%;--awb-margin-bottom-large:0px;--awb-spacing-left-large:4.75%;--awb-width-medium:50%;--awb-order-medium:0;--awb-spacing-right-medium:4.75%;--awb-spacing-left-medium:4.75%;--awb-width-small:100%;--awb-order-small:0;--awb-spacing-right-small:2.375%;--awb-spacing-left-small:2.375%;\"><div class=\"fusion-column-wrapper fusion-column-has-shadow fusion-flex-justify-content-flex-start fusion-content-layout-column\"><div class=\"fusion-text fusion-text-1\" style=\"--awb-text-font-family:&quot;Montserrat&quot;;--awb-text-font-style:normal;--awb-text-font-weight:300;\"><p>Themelimi i KEERC \u00ebsht\u00eb thelb\u00ebsor p\u00ebr t\u00eb siguruar mbrojtjen e q\u00ebndrueshme t\u00eb mjedisit n\u00eb Kosov\u00eb. Duke bashkuar shkenc\u00ebn, edukimin, p\u00ebrpjekjet vullnetare dhe veprimin zyrtar n\u00ebn nj\u00eb ombrell\u00eb, KEERC mund t\u00eb adresoj\u00eb sfidat komplekse mjedisore me t\u00eb cilat p\u00ebrballet vendi. Ai synon t\u00eb forcoj\u00eb edukimin ekologjik, t\u00eb rris\u00eb nd\u00ebrgjegj\u00ebsimin publik dhe t\u00eb siguroj\u00eb trajnime praktike p\u00ebr edukator\u00ebt e ardhsh\u00ebm, ekspert\u00ebt e mjedisit dhe zyrtar\u00ebt.<\/p>\n<\/div><\/div><\/div><div class=\"fusion-layout-column fusion_builder_column_inner fusion-builder-nested-column-1 fusion_builder_column_inner_1_2 1_2 fusion-flex-column\" style=\"--awb-padding-bottom:20px;--awb-bg-size:cover;--awb-width-large:50%;--awb-margin-top-large:0px;--awb-spacing-right-large:4.75%;--awb-margin-bottom-large:0px;--awb-spacing-left-large:4.75%;--awb-width-medium:50%;--awb-order-medium:0;--awb-spacing-right-medium:4.75%;--awb-spacing-left-medium:4.75%;--awb-width-small:100%;--awb-order-small:0;--awb-spacing-right-small:2.375%;--awb-spacing-left-small:2.375%;\"><div class=\"fusion-column-wrapper fusion-column-has-shadow fusion-flex-justify-content-flex-start fusion-content-layout-column\"><div class=\"fusion-text fusion-text-2\" style=\"--awb-text-font-family:&quot;Montserrat&quot;;--awb-text-font-style:normal;--awb-text-font-weight:300;\"><p>P\u00ebr m\u00eb tep\u00ebr, ai do t\u00eb p\u00ebrmir\u00ebsoj\u00eb \u00e7asjen n\u00eb t\u00eb dh\u00ebna kritike mbi biodiversitetin, ndotjen dhe burimet natyrore, t\u00eb cilat mund t\u00eb udh\u00ebheqin projektet e ruajtjes dhe t\u00eb mb\u00ebshtesin vendimmarrjen e bazuar n\u00eb prova.<\/p>\n<p>R\u00ebnd\u00ebsia e nj\u00eb qendre mjedisore \u00ebsht\u00eb par\u00eb nga Universiteti i Konstanz q\u00eb nga viti 2015. Universiteti mb\u00ebshtet procesin e krijimit t\u00eb qendr\u00ebs:<\/p>\n<p><a href=\"https:\/\/www.biologie.uni-konstanz.de\/kosovoprojekt\/projekt\/projektziel\/\">https:\/\/www.biologie.uni-konstanz.de\/kosovoprojekt\/projekt\/projektziel\/<\/a><\/p>\n<\/div><\/div><\/div><\/div><\/div><\/div><\/div><\/div><div class=\"fusion-fullwidth fullwidth-box fusion-builder-row-2 fusion-flex-container has-pattern-background has-mask-background nonhundred-percent-fullwidth non-hundred-percent-height-scrolling\" style=\"--awb-border-radius-top-left:0px;--awb-border-radius-top-right:0px;--awb-border-radius-bottom-right:0px;--awb-border-radius-bottom-left:0px;--awb-margin-top:60px;--awb-flex-wrap:wrap;\" ><div class=\"fusion-builder-row fusion-row fusion-flex-align-items-flex-start fusion-flex-content-wrap\" style=\"max-width:1264.8px;margin-left: calc(-2% \/ 2 );margin-right: calc(-2% \/ 2 );\"><div class=\"fusion-layout-column fusion_builder_column fusion-builder-column-1 fusion_builder_column_1_2 1_2 fusion-flex-column\" style=\"--awb-bg-size:cover;--awb-width-large:50%;--awb-margin-top-large:0px;--awb-spacing-right-large:1.96%;--awb-margin-bottom-large:0px;--awb-spacing-left-large:1.96%;--awb-width-medium:50%;--awb-order-medium:0;--awb-spacing-right-medium:1.96%;--awb-spacing-left-medium:1.96%;--awb-width-small:100%;--awb-order-small:0;--awb-spacing-right-small:0.98%;--awb-margin-bottom-small:35px;--awb-spacing-left-small:0.98%;\"><div class=\"fusion-column-wrapper fusion-column-has-shadow fusion-flex-justify-content-flex-start fusion-content-layout-column\"><div class=\"fusion-image-element\" style=\"--awb-mask-url: url(https:\/\/keerc.org\/wp-content\/plugins\/fusion-builder\/\/assets\/images\/masks\/mask-3.svg);--awb-caption-title-color:hsla(var(--awb-color1-h),var(--awb-color1-s),var(--awb-color1-l),calc(var(--awb-color1-a) - 100%));--awb-caption-overlay-color:var(--awb-color8);--awb-max-width:600px;--awb-caption-title-font-family:var(--h2_typography-font-family);--awb-caption-title-font-weight:var(--h2_typography-font-weight);--awb-caption-title-font-style:var(--h2_typography-font-style);--awb-caption-title-size:var(--h2_typography-font-size);--awb-caption-title-transform:var(--h2_typography-text-transform);--awb-caption-title-line-height:var(--h2_typography-line-height);--awb-caption-title-letter-spacing:var(--h2_typography-letter-spacing);\"><span class=\"fusion-imageframe imageframe-none imageframe-1 hover-type-zoomin has-mask\"><img decoding=\"async\" width=\"2048\" height=\"1536\" title=\"img-5\" src=\"https:\/\/keerc.org\/wp-content\/uploads\/2023\/08\/img-5-1.jpg\" data-orig-src=\"https:\/\/keerc.org\/wp-content\/uploads\/2023\/08\/img-5-1.jpg\" alt class=\"lazyload img-responsive wp-image-2453\" srcset=\"data:image\/svg+xml,%3Csvg%20xmlns%3D%27http%3A%2F%2Fwww.w3.org%2F2000%2Fsvg%27%20width%3D%272048%27%20height%3D%271536%27%20viewBox%3D%270%200%202048%201536%27%3E%3Crect%20width%3D%272048%27%20height%3D%271536%27%20fill-opacity%3D%220%22%2F%3E%3C%2Fsvg%3E\" data-srcset=\"https:\/\/keerc.org\/wp-content\/uploads\/2023\/08\/img-5-1-200x150.jpg 200w, https:\/\/keerc.org\/wp-content\/uploads\/2023\/08\/img-5-1-400x300.jpg 400w, https:\/\/keerc.org\/wp-content\/uploads\/2023\/08\/img-5-1-600x450.jpg 600w, https:\/\/keerc.org\/wp-content\/uploads\/2023\/08\/img-5-1-800x600.jpg 800w, https:\/\/keerc.org\/wp-content\/uploads\/2023\/08\/img-5-1-1200x900.jpg 1200w, https:\/\/keerc.org\/wp-content\/uploads\/2023\/08\/img-5-1.jpg 2048w\" data-sizes=\"auto\" data-orig-sizes=\"(max-width: 800px) 100vw, 800px\" \/><\/span><\/div><\/div><\/div><div class=\"fusion-layout-column fusion_builder_column fusion-builder-column-2 fusion_builder_column_1_2 1_2 fusion-flex-column\" style=\"--awb-bg-size:cover;--awb-width-large:50%;--awb-margin-top-large:0px;--awb-spacing-right-large:1.96%;--awb-margin-bottom-large:0px;--awb-spacing-left-large:1.96%;--awb-width-medium:50%;--awb-order-medium:0;--awb-spacing-right-medium:1.96%;--awb-spacing-left-medium:1.96%;--awb-width-small:100%;--awb-order-small:0;--awb-spacing-right-small:0.98%;--awb-spacing-left-small:0.98%;\"><div class=\"fusion-column-wrapper fusion-column-has-shadow fusion-flex-justify-content-flex-start fusion-content-layout-column\"><div class=\"fusion-image-element\" style=\"--awb-mask-url: url(https:\/\/keerc.org\/wp-content\/plugins\/fusion-builder\/\/assets\/images\/masks\/mask-3.svg);--awb-caption-title-color:hsla(var(--awb-color1-h),var(--awb-color1-s),var(--awb-color1-l),calc(var(--awb-color1-a) - 100%));--awb-caption-overlay-color:var(--awb-color8);--awb-max-width:450px;--awb-caption-title-font-family:var(--h2_typography-font-family);--awb-caption-title-font-weight:var(--h2_typography-font-weight);--awb-caption-title-font-style:var(--h2_typography-font-style);--awb-caption-title-size:var(--h2_typography-font-size);--awb-caption-title-transform:var(--h2_typography-text-transform);--awb-caption-title-line-height:var(--h2_typography-line-height);--awb-caption-title-letter-spacing:var(--h2_typography-letter-spacing);\"><span class=\"fusion-imageframe imageframe-none imageframe-2 hover-type-zoomin has-mask\"><img decoding=\"async\" width=\"960\" height=\"960\" title=\"img-6\" src=\"https:\/\/keerc.org\/wp-content\/uploads\/2023\/08\/img-6-1.jpg\" data-orig-src=\"https:\/\/keerc.org\/wp-content\/uploads\/2023\/08\/img-6-1.jpg\" alt class=\"lazyload img-responsive wp-image-2454\" srcset=\"data:image\/svg+xml,%3Csvg%20xmlns%3D%27http%3A%2F%2Fwww.w3.org%2F2000%2Fsvg%27%20width%3D%27960%27%20height%3D%27960%27%20viewBox%3D%270%200%20960%20960%27%3E%3Crect%20width%3D%27960%27%20height%3D%27960%27%20fill-opacity%3D%220%22%2F%3E%3C%2Fsvg%3E\" data-srcset=\"https:\/\/keerc.org\/wp-content\/uploads\/2023\/08\/img-6-1-200x200.jpg 200w, https:\/\/keerc.org\/wp-content\/uploads\/2023\/08\/img-6-1-400x400.jpg 400w, https:\/\/keerc.org\/wp-content\/uploads\/2023\/08\/img-6-1-600x600.jpg 600w, https:\/\/keerc.org\/wp-content\/uploads\/2023\/08\/img-6-1-800x800.jpg 800w, https:\/\/keerc.org\/wp-content\/uploads\/2023\/08\/img-6-1.jpg 960w\" data-sizes=\"auto\" data-orig-sizes=\"(max-width: 800px) 100vw, 800px\" \/><\/span><\/div><\/div><\/div><\/div><\/div><\/p>","protected":false},"excerpt":{"rendered":"","protected":false},"author":1,"featured_media":0,"parent":0,"menu_order":0,"comment_status":"closed","ping_status":"closed","template":"","meta":{"footnotes":""},"class_list":["post-2964","page","type-page","status-publish","hentry"],"yoast_head":"<!-- This site is optimized with the Yoast SEO plugin v27.3 - https:\/\/yoast.com\/product\/yoast-seo-wordpress\/ -->\n<title>Why is KEERC important to establish? - KEERC<\/title>\n<meta name=\"robots\" content=\"index, follow, max-snippet:-1, max-image-preview:large, max-video-preview:-1\" \/>\n<link rel=\"canonical\" href=\"https:\/\/keerc.org\/sq\/why-is-keerc-important-to-establish\/\" \/>\n<meta property=\"og:locale\" content=\"sq_AL\" \/>\n<meta property=\"og:type\" content=\"article\" \/>\n<meta property=\"og:title\" content=\"Why is KEERC important to establish? - KEERC\" \/>\n<meta property=\"og:url\" content=\"https:\/\/keerc.org\/sq\/why-is-keerc-important-to-establish\/\" \/>\n<meta property=\"og:site_name\" content=\"KEERC\" \/>\n<meta property=\"article:modified_time\" content=\"2025-03-27T00:32:17+00:00\" \/>\n<meta name=\"twitter:card\" content=\"summary_large_image\" \/>\n<meta name=\"twitter:label1\" content=\"Est. reading time\" \/>\n\t<meta name=\"twitter:data1\" content=\"1 minut\u00eb\" \/>\n<script type=\"application\/ld+json\" class=\"yoast-schema-graph\">{\"@context\":\"https:\\\/\\\/schema.org\",\"@graph\":[{\"@type\":\"WebPage\",\"@id\":\"https:\\\/\\\/keerc.org\\\/why-is-keerc-important-to-establish\\\/\",\"url\":\"https:\\\/\\\/keerc.org\\\/why-is-keerc-important-to-establish\\\/\",\"name\":\"Why is KEERC important to establish? - KEERC\",\"isPartOf\":{\"@id\":\"https:\\\/\\\/keerc.org\\\/#website\"},\"datePublished\":\"2025-03-23T14:10:44+00:00\",\"dateModified\":\"2025-03-27T00:32:17+00:00\",\"breadcrumb\":{\"@id\":\"https:\\\/\\\/keerc.org\\\/why-is-keerc-important-to-establish\\\/#breadcrumb\"},\"inLanguage\":\"sq\",\"potentialAction\":[{\"@type\":\"ReadAction\",\"target\":[\"https:\\\/\\\/keerc.org\\\/why-is-keerc-important-to-establish\\\/\"]}]},{\"@type\":\"BreadcrumbList\",\"@id\":\"https:\\\/\\\/keerc.org\\\/why-is-keerc-important-to-establish\\\/#breadcrumb\",\"itemListElement\":[{\"@type\":\"ListItem\",\"position\":1,\"name\":\"Home\",\"item\":\"https:\\\/\\\/keerc.org\\\/\"},{\"@type\":\"ListItem\",\"position\":2,\"name\":\"Why is KEERC important to establish?\"}]},{\"@type\":\"WebSite\",\"@id\":\"https:\\\/\\\/keerc.org\\\/#website\",\"url\":\"https:\\\/\\\/keerc.org\\\/\",\"name\":\"KEERC\",\"description\":\"\",\"potentialAction\":[{\"@type\":\"SearchAction\",\"target\":{\"@type\":\"EntryPoint\",\"urlTemplate\":\"https:\\\/\\\/keerc.org\\\/?s={search_term_string}\"},\"query-input\":{\"@type\":\"PropertyValueSpecification\",\"valueRequired\":true,\"valueName\":\"search_term_string\"}}],\"inLanguage\":\"sq\"}]}<\/script>\n<!-- \/ Yoast SEO plugin. -->","yoast_head_json":{"title":"Why is KEERC important to establish? - KEERC","robots":{"index":"index","follow":"follow","max-snippet":"max-snippet:-1","max-image-preview":"max-image-preview:large","max-video-preview":"max-video-preview:-1"},"canonical":"https:\/\/keerc.org\/sq\/why-is-keerc-important-to-establish\/","og_locale":"sq_AL","og_type":"article","og_title":"Why is KEERC important to establish? - KEERC","og_url":"https:\/\/keerc.org\/sq\/why-is-keerc-important-to-establish\/","og_site_name":"KEERC","article_modified_time":"2025-03-27T00:32:17+00:00","twitter_card":"summary_large_image","twitter_misc":{"Est. reading time":"1 minut\u00eb"},"schema":{"@context":"https:\/\/schema.org","@graph":[{"@type":"WebPage","@id":"https:\/\/keerc.org\/why-is-keerc-important-to-establish\/","url":"https:\/\/keerc.org\/why-is-keerc-important-to-establish\/","name":"Why is KEERC important to establish? - KEERC","isPartOf":{"@id":"https:\/\/keerc.org\/#website"},"datePublished":"2025-03-23T14:10:44+00:00","dateModified":"2025-03-27T00:32:17+00:00","breadcrumb":{"@id":"https:\/\/keerc.org\/why-is-keerc-important-to-establish\/#breadcrumb"},"inLanguage":"sq","potentialAction":[{"@type":"ReadAction","target":["https:\/\/keerc.org\/why-is-keerc-important-to-establish\/"]}]},{"@type":"BreadcrumbList","@id":"https:\/\/keerc.org\/why-is-keerc-important-to-establish\/#breadcrumb","itemListElement":[{"@type":"ListItem","position":1,"name":"Home","item":"https:\/\/keerc.org\/"},{"@type":"ListItem","position":2,"name":"Why is KEERC important to establish?"}]},{"@type":"WebSite","@id":"https:\/\/keerc.org\/#website","url":"https:\/\/keerc.org\/","name":"KEERC","description":"","potentialAction":[{"@type":"SearchAction","target":{"@type":"EntryPoint","urlTemplate":"https:\/\/keerc.org\/?s={search_term_string}"},"query-input":{"@type":"PropertyValueSpecification","valueRequired":true,"valueName":"search_term_string"}}],"inLanguage":"sq"}]}},"_links":{"self":[{"href":"https:\/\/keerc.org\/sq\/wp-json\/wp\/v2\/pages\/2964","targetHints":{"allow":["GET"]}}],"collection":[{"href":"https:\/\/keerc.org\/sq\/wp-json\/wp\/v2\/pages"}],"about":[{"href":"https:\/\/keerc.org\/sq\/wp-json\/wp\/v2\/types\/page"}],"author":[{"embeddable":true,"href":"https:\/\/keerc.org\/sq\/wp-json\/wp\/v2\/users\/1"}],"replies":[{"embeddable":true,"href":"https:\/\/keerc.org\/sq\/wp-json\/wp\/v2\/comments?post=2964"}],"version-history":[{"count":3,"href":"https:\/\/keerc.org\/sq\/wp-json\/wp\/v2\/pages\/2964\/revisions"}],"predecessor-version":[{"id":3057,"href":"https:\/\/keerc.org\/sq\/wp-json\/wp\/v2\/pages\/2964\/revisions\/3057"}],"wp:attachment":[{"href":"https:\/\/keerc.org\/sq\/wp-json\/wp\/v2\/media?parent=2964"}],"curies":[{"name":"wp","href":"https:\/\/api.w.org\/{rel}","templated":true}]}}