{"id":2978,"date":"2025-03-23T14:18:22","date_gmt":"2025-03-23T14:18:22","guid":{"rendered":"https:\/\/keerc.org\/?page_id=2978"},"modified":"2025-05-05T16:48:06","modified_gmt":"2025-05-05T16:48:06","slug":"feasibility-study-for-keerc","status":"publish","type":"page","link":"https:\/\/keerc.org\/sq\/feasibility-study-for-keerc\/","title":{"rendered":"Studimi i fizibilitetit per KEERC-in"},"content":{"rendered":"<div class=\"fusion-fullwidth fullwidth-box fusion-builder-row-1 fusion-flex-container has-pattern-background has-mask-background nonhundred-percent-fullwidth non-hundred-percent-height-scrolling\" style=\"--awb-border-radius-top-left:0px;--awb-border-radius-top-right:0px;--awb-border-radius-bottom-right:0px;--awb-border-radius-bottom-left:0px;--awb-flex-wrap:wrap;\" ><div class=\"fusion-builder-row fusion-row fusion-flex-align-items-flex-start fusion-flex-content-wrap\" style=\"max-width:1302px;margin-left: calc(-5% \/ 2 );margin-right: calc(-5% \/ 2 );\"><div class=\"fusion-layout-column fusion_builder_column fusion-builder-column-0 fusion_builder_column_1_1 1_1 fusion-flex-column\" style=\"--awb-bg-size:cover;--awb-width-large:100%;--awb-margin-top-large:0px;--awb-spacing-right-large:2.375%;--awb-margin-bottom-large:0px;--awb-spacing-left-large:2.375%;--awb-width-medium:100%;--awb-order-medium:0;--awb-spacing-right-medium:2.375%;--awb-spacing-left-medium:2.375%;--awb-width-small:100%;--awb-order-small:0;--awb-spacing-right-small:2.375%;--awb-spacing-left-small:2.375%;\"><div class=\"fusion-column-wrapper fusion-column-has-shadow fusion-flex-justify-content-flex-start fusion-content-layout-column\"><div class=\"fusion-builder-row fusion-builder-row-inner fusion-row fusion-flex-align-items-flex-start fusion-flex-content-wrap\" style=\"width:105% !important;max-width:105% !important;margin-left: calc(-5% \/ 2 );margin-right: calc(-5% \/ 2 );\"><div class=\"fusion-layout-column fusion_builder_column_inner fusion-builder-nested-column-0 fusion_builder_column_inner_1_1 1_1 fusion-flex-column\" style=\"--awb-bg-size:cover;--awb-width-large:100%;--awb-margin-top-large:0px;--awb-spacing-right-large:2.375%;--awb-margin-bottom-large:0px;--awb-spacing-left-large:2.375%;--awb-width-medium:100%;--awb-order-medium:0;--awb-spacing-right-medium:2.375%;--awb-spacing-left-medium:2.375%;--awb-width-small:100%;--awb-order-small:0;--awb-spacing-right-small:2.375%;--awb-spacing-left-small:2.375%;\"><div class=\"fusion-column-wrapper fusion-column-has-shadow fusion-flex-justify-content-flex-start fusion-content-layout-column\"><div class=\"fusion-text fusion-text-1\"><h2>Studimi i fizibilitetit per KEERC-in<\/h2>\n<p>Agjencia Federale Gjermane e Mjedisit po mb\u00ebshtet Universitetin e Konstanzit dhe Shoqat\u00ebn KEERC me nj\u00eb projekt dyvje\u00e7ar p\u00ebr themelimin e nj\u00eb qendre mjedisore n\u00eb Kosov\u00eb. <a href=\"https:\/\/keerc.org\/sq\/keerc-project\/\"><u>https:\/\/keerc.org\/keerc-project\/<\/u><\/a><\/p>\n<div>\u2022Conference 2016: <a href=\"https:\/\/keerc.org\/sq\/1st-keerc-association-conference\/\"><u>https:\/\/keerc.org\/1st-keerc-association-conference\/<\/u><u>\/<\/u><\/a><\/div>\n<div>\u2022Conference 2023: <a href=\"https:\/\/keerc.org\/sq\/college-announces-scholarships-for-low-income-students\/\"><u>https:\/\/keerc.org\/college-announces-scholarships-for-low-income-students<\/u><u>\/<\/u><\/a><\/div>\n<div>* Konferenca 2024: <a href=\"https:\/\/keerc.org\/sq\/konferenca-e-trete-e-keerc-it-nje-qender-mjedisore-per-kosoven\/\"><u>https:\/\/keerc.org\/konferenca-e-trete-e-keerc-it-nje-qender-mjedisore-per-kosoven<\/u><u>\/<\/u><\/a><\/div>\n<div>* Vizita ne Gjermani: Qendrat 2024 <u><a href=\"https:\/\/keerc.org\/sq\/vizita-e-pare-studimore-ne-gjermani\/\">https:\/\/keerc.org\/vizita-e-pare-studimore-ne-gjermani\/<\/a><\/u><\/div>\n<div>* Takimi me rektorin e Universitetit te Prizrenit: <u><a href=\"https:\/\/keerc.org\/sq\/takim-pune-me-menaxhmentin-e-universitetit-te-prizrenit-dhe-komunen-e-prizrenit\/\">https:\/\/keerc.org\/takim-pune-me-menaxhmentin-e-universitetit-te-prizrenit-dhe-komunen-e-prizrenit\/<\/a><\/u><u> <\/u><\/div>\n<div>* Takimi me rektorin e Universitetit te Pejes: <u><a href=\"https:\/\/keerc.org\/sq\/takim-me-menaxhmentin-e-universitetit-haxhi-zeka-ne-peje\/\">https:\/\/keerc.org\/sq\/takim-me-menaxhmentin-e-universitetit-haxhi-zeka-ne-peje\/<\/a><\/u><\/div>\n<div>* Takimi me Euronatur: <u><a href=\"https:\/\/keerc.org\/sq\/visit-by-the-euronatur-representative-to-the-keerc-field-station-in-prizren\/\">https:\/\/keerc.org\/visit-by-the-euronatur-representative-to-the-keerc-field-station-in-prizren\/<\/a><\/u><\/div>\n<div>&nbsp;<\/div>\n<\/div><\/div><\/div><\/div><\/div><\/div><\/div><\/div>","protected":false},"excerpt":{"rendered":"","protected":false},"author":1,"featured_media":0,"parent":0,"menu_order":0,"comment_status":"closed","ping_status":"closed","template":"","meta":{"footnotes":""},"class_list":["post-2978","page","type-page","status-publish","hentry"],"yoast_head":"<!-- This site is optimized with the Yoast SEO plugin v27.3 - https:\/\/yoast.com\/product\/yoast-seo-wordpress\/ -->\n<title>Feasibility study for KEERC - KEERC<\/title>\n<meta name=\"robots\" content=\"index, follow, max-snippet:-1, max-image-preview:large, max-video-preview:-1\" \/>\n<link rel=\"canonical\" href=\"https:\/\/keerc.org\/sq\/feasibility-study-for-keerc\/\" \/>\n<meta property=\"og:locale\" content=\"sq_AL\" \/>\n<meta property=\"og:type\" content=\"article\" \/>\n<meta property=\"og:title\" content=\"Feasibility study for KEERC - KEERC\" \/>\n<meta property=\"og:url\" content=\"https:\/\/keerc.org\/sq\/feasibility-study-for-keerc\/\" \/>\n<meta property=\"og:site_name\" content=\"KEERC\" \/>\n<meta property=\"article:modified_time\" content=\"2025-05-05T16:48:06+00:00\" \/>\n<meta name=\"twitter:card\" content=\"summary_large_image\" \/>\n<meta name=\"twitter:label1\" content=\"Est. reading time\" \/>\n\t<meta name=\"twitter:data1\" content=\"1 minut\u00eb\" \/>\n<script type=\"application\/ld+json\" class=\"yoast-schema-graph\">{\"@context\":\"https:\\\/\\\/schema.org\",\"@graph\":[{\"@type\":\"WebPage\",\"@id\":\"https:\\\/\\\/keerc.org\\\/feasibility-study-for-keerc\\\/\",\"url\":\"https:\\\/\\\/keerc.org\\\/feasibility-study-for-keerc\\\/\",\"name\":\"Feasibility study for KEERC - KEERC\",\"isPartOf\":{\"@id\":\"https:\\\/\\\/keerc.org\\\/#website\"},\"datePublished\":\"2025-03-23T14:18:22+00:00\",\"dateModified\":\"2025-05-05T16:48:06+00:00\",\"breadcrumb\":{\"@id\":\"https:\\\/\\\/keerc.org\\\/feasibility-study-for-keerc\\\/#breadcrumb\"},\"inLanguage\":\"sq\",\"potentialAction\":[{\"@type\":\"ReadAction\",\"target\":[\"https:\\\/\\\/keerc.org\\\/feasibility-study-for-keerc\\\/\"]}]},{\"@type\":\"BreadcrumbList\",\"@id\":\"https:\\\/\\\/keerc.org\\\/feasibility-study-for-keerc\\\/#breadcrumb\",\"itemListElement\":[{\"@type\":\"ListItem\",\"position\":1,\"name\":\"Home\",\"item\":\"https:\\\/\\\/keerc.org\\\/\"},{\"@type\":\"ListItem\",\"position\":2,\"name\":\"Feasibility study for KEERC\"}]},{\"@type\":\"WebSite\",\"@id\":\"https:\\\/\\\/keerc.org\\\/#website\",\"url\":\"https:\\\/\\\/keerc.org\\\/\",\"name\":\"KEERC\",\"description\":\"\",\"potentialAction\":[{\"@type\":\"SearchAction\",\"target\":{\"@type\":\"EntryPoint\",\"urlTemplate\":\"https:\\\/\\\/keerc.org\\\/?s={search_term_string}\"},\"query-input\":{\"@type\":\"PropertyValueSpecification\",\"valueRequired\":true,\"valueName\":\"search_term_string\"}}],\"inLanguage\":\"sq\"}]}<\/script>\n<!-- \/ Yoast SEO plugin. -->","yoast_head_json":{"title":"Feasibility study for KEERC - KEERC","robots":{"index":"index","follow":"follow","max-snippet":"max-snippet:-1","max-image-preview":"max-image-preview:large","max-video-preview":"max-video-preview:-1"},"canonical":"https:\/\/keerc.org\/sq\/feasibility-study-for-keerc\/","og_locale":"sq_AL","og_type":"article","og_title":"Feasibility study for KEERC - KEERC","og_url":"https:\/\/keerc.org\/sq\/feasibility-study-for-keerc\/","og_site_name":"KEERC","article_modified_time":"2025-05-05T16:48:06+00:00","twitter_card":"summary_large_image","twitter_misc":{"Est. reading time":"1 minut\u00eb"},"schema":{"@context":"https:\/\/schema.org","@graph":[{"@type":"WebPage","@id":"https:\/\/keerc.org\/feasibility-study-for-keerc\/","url":"https:\/\/keerc.org\/feasibility-study-for-keerc\/","name":"Feasibility study for KEERC - KEERC","isPartOf":{"@id":"https:\/\/keerc.org\/#website"},"datePublished":"2025-03-23T14:18:22+00:00","dateModified":"2025-05-05T16:48:06+00:00","breadcrumb":{"@id":"https:\/\/keerc.org\/feasibility-study-for-keerc\/#breadcrumb"},"inLanguage":"sq","potentialAction":[{"@type":"ReadAction","target":["https:\/\/keerc.org\/feasibility-study-for-keerc\/"]}]},{"@type":"BreadcrumbList","@id":"https:\/\/keerc.org\/feasibility-study-for-keerc\/#breadcrumb","itemListElement":[{"@type":"ListItem","position":1,"name":"Home","item":"https:\/\/keerc.org\/"},{"@type":"ListItem","position":2,"name":"Feasibility study for KEERC"}]},{"@type":"WebSite","@id":"https:\/\/keerc.org\/#website","url":"https:\/\/keerc.org\/","name":"KEERC","description":"","potentialAction":[{"@type":"SearchAction","target":{"@type":"EntryPoint","urlTemplate":"https:\/\/keerc.org\/?s={search_term_string}"},"query-input":{"@type":"PropertyValueSpecification","valueRequired":true,"valueName":"search_term_string"}}],"inLanguage":"sq"}]}},"_links":{"self":[{"href":"https:\/\/keerc.org\/sq\/wp-json\/wp\/v2\/pages\/2978","targetHints":{"allow":["GET"]}}],"collection":[{"href":"https:\/\/keerc.org\/sq\/wp-json\/wp\/v2\/pages"}],"about":[{"href":"https:\/\/keerc.org\/sq\/wp-json\/wp\/v2\/types\/page"}],"author":[{"embeddable":true,"href":"https:\/\/keerc.org\/sq\/wp-json\/wp\/v2\/users\/1"}],"replies":[{"embeddable":true,"href":"https:\/\/keerc.org\/sq\/wp-json\/wp\/v2\/comments?post=2978"}],"version-history":[{"count":9,"href":"https:\/\/keerc.org\/sq\/wp-json\/wp\/v2\/pages\/2978\/revisions"}],"predecessor-version":[{"id":3100,"href":"https:\/\/keerc.org\/sq\/wp-json\/wp\/v2\/pages\/2978\/revisions\/3100"}],"wp:attachment":[{"href":"https:\/\/keerc.org\/sq\/wp-json\/wp\/v2\/media?parent=2978"}],"curies":[{"name":"wp","href":"https:\/\/api.w.org\/{rel}","templated":true}]}}