{"id":2982,"date":"2025-03-23T14:19:19","date_gmt":"2025-03-23T14:19:19","guid":{"rendered":"https:\/\/keerc.org\/?page_id=2982"},"modified":"2025-03-26T01:27:24","modified_gmt":"2025-03-26T01:27:24","slug":"applications-sponsering","status":"publish","type":"page","link":"https:\/\/keerc.org\/sq\/applications-sponsering\/","title":{"rendered":"Applications for Sponsoring"},"content":{"rendered":"<div class=\"fusion-fullwidth fullwidth-box fusion-builder-row-1 fusion-flex-container has-pattern-background has-mask-background nonhundred-percent-fullwidth non-hundred-percent-height-scrolling\" style=\"--awb-border-radius-top-left:0px;--awb-border-radius-top-right:0px;--awb-border-radius-bottom-right:0px;--awb-border-radius-bottom-left:0px;--awb-flex-wrap:wrap;\" ><div class=\"fusion-builder-row fusion-row fusion-flex-align-items-flex-start fusion-flex-content-wrap\" style=\"max-width:1302px;margin-left: calc(-5% \/ 2 );margin-right: calc(-5% \/ 2 );\"><div class=\"fusion-layout-column fusion_builder_column fusion-builder-column-0 fusion_builder_column_1_1 1_1 fusion-flex-column\" style=\"--awb-bg-size:cover;--awb-width-large:100%;--awb-margin-top-large:0px;--awb-spacing-right-large:2.375%;--awb-margin-bottom-large:0px;--awb-spacing-left-large:2.375%;--awb-width-medium:100%;--awb-order-medium:0;--awb-spacing-right-medium:2.375%;--awb-spacing-left-medium:2.375%;--awb-width-small:100%;--awb-order-small:0;--awb-spacing-right-small:2.375%;--awb-spacing-left-small:2.375%;\"><div class=\"fusion-column-wrapper fusion-column-has-shadow fusion-flex-justify-content-flex-start fusion-content-layout-column\"><div class=\"fusion-builder-row fusion-builder-row-inner fusion-row fusion-flex-align-items-flex-start fusion-flex-content-wrap\" style=\"width:105% !important;max-width:105% !important;margin-left: calc(-5% \/ 2 );margin-right: calc(-5% \/ 2 );\"><div class=\"fusion-layout-column fusion_builder_column_inner fusion-builder-nested-column-0 fusion_builder_column_inner_1_1 1_1 fusion-flex-column\" style=\"--awb-bg-size:cover;--awb-width-large:100%;--awb-margin-top-large:0px;--awb-spacing-right-large:2.375%;--awb-margin-bottom-large:0px;--awb-spacing-left-large:2.375%;--awb-width-medium:100%;--awb-order-medium:0;--awb-spacing-right-medium:2.375%;--awb-spacing-left-medium:2.375%;--awb-width-small:100%;--awb-order-small:0;--awb-spacing-right-small:2.375%;--awb-spacing-left-small:2.375%;\"><div class=\"fusion-column-wrapper fusion-column-has-shadow fusion-flex-justify-content-flex-start fusion-content-layout-column\"><div class=\"fusion-text fusion-text-1\"><h4>Applications for sponsoring<\/h4>\n<p>KEERC merr mb\u00ebshtetje nga Fondacioni Kosovar p\u00ebr Shoq\u00ebri Civile (KCSF)<\/p>\n<p>Aplikacioni i dor\u00ebzuar n\u00eb Fondacionin Kosovar p\u00ebr Shoq\u00ebri Civile (KCSF) p\u00ebr faz\u00ebn e mentorimit t\u00eb drejtp\u00ebrdrejt\u00eb t\u00eb organizat\u00ebs \u00ebsht\u00eb miratuar n\u00eb mars 2024. Kjo pason pjes\u00ebmarrjen e KEERC n\u00eb ciklet e trajnimit baz\u00eb dhe t\u00eb avancuar p\u00ebr mbledhjen e fondeve dhe diversifikimin, t\u00eb ofruara nga Programi p\u00ebr Angazhimin Qytetar.<\/p>\n<p>Si pjes\u00eb e k\u00ebsaj mb\u00ebshtetjeje, Catalyst Balkans do t\u00eb zhvilloj\u00eb nj\u00eb strategji p\u00ebr mbledhjen e fondeve t\u00eb fokusuara n\u00eb leht\u00ebsimin e transportit t\u00eb nx\u00ebn\u00ebsve n\u00eb stacionin e terrenit t\u00eb KEERC-it, duke siguruar \u00e7asje m\u00eb t\u00eb madhe p\u00ebr aktivitetet edukative.<\/p>\n<p>Kjo nism\u00eb do t\u00eb rris\u00eb mund\u00ebsit\u00eb e edukimit mjedisor, duke lejuar m\u00eb shum\u00eb student\u00eb t\u00eb p\u00ebrfshihen n\u00eb p\u00ebrvoja praktike t\u00eb t\u00eb m\u00ebsuarit n\u00eb stacionin fushor te KEERC-it.<\/p>\n<\/div><\/div><\/div><\/div><\/div><\/div><\/div><\/div>","protected":false},"excerpt":{"rendered":"","protected":false},"author":1,"featured_media":0,"parent":0,"menu_order":0,"comment_status":"closed","ping_status":"closed","template":"","meta":{"footnotes":""},"class_list":["post-2982","page","type-page","status-publish","hentry"],"yoast_head":"<!-- This site is optimized with the Yoast SEO plugin v27.3 - https:\/\/yoast.com\/product\/yoast-seo-wordpress\/ -->\n<title>Applications for Sponsoring - KEERC<\/title>\n<meta name=\"robots\" content=\"index, follow, max-snippet:-1, max-image-preview:large, max-video-preview:-1\" \/>\n<link rel=\"canonical\" href=\"https:\/\/keerc.org\/sq\/applications-sponsering\/\" \/>\n<meta property=\"og:locale\" content=\"sq_AL\" \/>\n<meta property=\"og:type\" content=\"article\" \/>\n<meta property=\"og:title\" content=\"Applications for Sponsoring - KEERC\" \/>\n<meta property=\"og:url\" content=\"https:\/\/keerc.org\/sq\/applications-sponsering\/\" \/>\n<meta property=\"og:site_name\" content=\"KEERC\" \/>\n<meta property=\"article:modified_time\" content=\"2025-03-26T01:27:24+00:00\" \/>\n<meta name=\"twitter:card\" content=\"summary_large_image\" \/>\n<meta name=\"twitter:label1\" content=\"Est. reading time\" \/>\n\t<meta name=\"twitter:data1\" content=\"1 minut\u00eb\" \/>\n<script type=\"application\/ld+json\" class=\"yoast-schema-graph\">{\"@context\":\"https:\\\/\\\/schema.org\",\"@graph\":[{\"@type\":\"WebPage\",\"@id\":\"https:\\\/\\\/keerc.org\\\/applications-sponsering\\\/\",\"url\":\"https:\\\/\\\/keerc.org\\\/applications-sponsering\\\/\",\"name\":\"Applications for Sponsoring - KEERC\",\"isPartOf\":{\"@id\":\"https:\\\/\\\/keerc.org\\\/#website\"},\"datePublished\":\"2025-03-23T14:19:19+00:00\",\"dateModified\":\"2025-03-26T01:27:24+00:00\",\"breadcrumb\":{\"@id\":\"https:\\\/\\\/keerc.org\\\/applications-sponsering\\\/#breadcrumb\"},\"inLanguage\":\"sq\",\"potentialAction\":[{\"@type\":\"ReadAction\",\"target\":[\"https:\\\/\\\/keerc.org\\\/applications-sponsering\\\/\"]}]},{\"@type\":\"BreadcrumbList\",\"@id\":\"https:\\\/\\\/keerc.org\\\/applications-sponsering\\\/#breadcrumb\",\"itemListElement\":[{\"@type\":\"ListItem\",\"position\":1,\"name\":\"Home\",\"item\":\"https:\\\/\\\/keerc.org\\\/\"},{\"@type\":\"ListItem\",\"position\":2,\"name\":\"Applications for Sponsoring\"}]},{\"@type\":\"WebSite\",\"@id\":\"https:\\\/\\\/keerc.org\\\/#website\",\"url\":\"https:\\\/\\\/keerc.org\\\/\",\"name\":\"KEERC\",\"description\":\"\",\"potentialAction\":[{\"@type\":\"SearchAction\",\"target\":{\"@type\":\"EntryPoint\",\"urlTemplate\":\"https:\\\/\\\/keerc.org\\\/?s={search_term_string}\"},\"query-input\":{\"@type\":\"PropertyValueSpecification\",\"valueRequired\":true,\"valueName\":\"search_term_string\"}}],\"inLanguage\":\"sq\"}]}<\/script>\n<!-- \/ Yoast SEO plugin. -->","yoast_head_json":{"title":"Applications for Sponsoring - KEERC","robots":{"index":"index","follow":"follow","max-snippet":"max-snippet:-1","max-image-preview":"max-image-preview:large","max-video-preview":"max-video-preview:-1"},"canonical":"https:\/\/keerc.org\/sq\/applications-sponsering\/","og_locale":"sq_AL","og_type":"article","og_title":"Applications for Sponsoring - KEERC","og_url":"https:\/\/keerc.org\/sq\/applications-sponsering\/","og_site_name":"KEERC","article_modified_time":"2025-03-26T01:27:24+00:00","twitter_card":"summary_large_image","twitter_misc":{"Est. reading time":"1 minut\u00eb"},"schema":{"@context":"https:\/\/schema.org","@graph":[{"@type":"WebPage","@id":"https:\/\/keerc.org\/applications-sponsering\/","url":"https:\/\/keerc.org\/applications-sponsering\/","name":"Applications for Sponsoring - KEERC","isPartOf":{"@id":"https:\/\/keerc.org\/#website"},"datePublished":"2025-03-23T14:19:19+00:00","dateModified":"2025-03-26T01:27:24+00:00","breadcrumb":{"@id":"https:\/\/keerc.org\/applications-sponsering\/#breadcrumb"},"inLanguage":"sq","potentialAction":[{"@type":"ReadAction","target":["https:\/\/keerc.org\/applications-sponsering\/"]}]},{"@type":"BreadcrumbList","@id":"https:\/\/keerc.org\/applications-sponsering\/#breadcrumb","itemListElement":[{"@type":"ListItem","position":1,"name":"Home","item":"https:\/\/keerc.org\/"},{"@type":"ListItem","position":2,"name":"Applications for Sponsoring"}]},{"@type":"WebSite","@id":"https:\/\/keerc.org\/#website","url":"https:\/\/keerc.org\/","name":"KEERC","description":"","potentialAction":[{"@type":"SearchAction","target":{"@type":"EntryPoint","urlTemplate":"https:\/\/keerc.org\/?s={search_term_string}"},"query-input":{"@type":"PropertyValueSpecification","valueRequired":true,"valueName":"search_term_string"}}],"inLanguage":"sq"}]}},"_links":{"self":[{"href":"https:\/\/keerc.org\/sq\/wp-json\/wp\/v2\/pages\/2982","targetHints":{"allow":["GET"]}}],"collection":[{"href":"https:\/\/keerc.org\/sq\/wp-json\/wp\/v2\/pages"}],"about":[{"href":"https:\/\/keerc.org\/sq\/wp-json\/wp\/v2\/types\/page"}],"author":[{"embeddable":true,"href":"https:\/\/keerc.org\/sq\/wp-json\/wp\/v2\/users\/1"}],"replies":[{"embeddable":true,"href":"https:\/\/keerc.org\/sq\/wp-json\/wp\/v2\/comments?post=2982"}],"version-history":[{"count":5,"href":"https:\/\/keerc.org\/sq\/wp-json\/wp\/v2\/pages\/2982\/revisions"}],"predecessor-version":[{"id":3038,"href":"https:\/\/keerc.org\/sq\/wp-json\/wp\/v2\/pages\/2982\/revisions\/3038"}],"wp:attachment":[{"href":"https:\/\/keerc.org\/sq\/wp-json\/wp\/v2\/media?parent=2982"}],"curies":[{"name":"wp","href":"https:\/\/api.w.org\/{rel}","templated":true}]}}