{"id":2992,"date":"2025-03-23T14:26:31","date_gmt":"2025-03-23T14:26:31","guid":{"rendered":"https:\/\/keerc.org\/?page_id=2992"},"modified":"2025-03-26T01:24:41","modified_gmt":"2025-03-26T01:24:41","slug":"research","status":"publish","type":"page","link":"https:\/\/keerc.org\/sq\/research\/","title":{"rendered":"Hulumtimi"},"content":{"rendered":"<div class=\"fusion-fullwidth fullwidth-box fusion-builder-row-1 fusion-flex-container has-pattern-background has-mask-background nonhundred-percent-fullwidth non-hundred-percent-height-scrolling\" style=\"--awb-border-radius-top-left:0px;--awb-border-radius-top-right:0px;--awb-border-radius-bottom-right:0px;--awb-border-radius-bottom-left:0px;--awb-flex-wrap:wrap;\" ><div class=\"fusion-builder-row fusion-row fusion-flex-align-items-flex-start fusion-flex-content-wrap\" style=\"max-width:1302px;margin-left: calc(-5% \/ 2 );margin-right: calc(-5% \/ 2 );\"><div class=\"fusion-layout-column fusion_builder_column fusion-builder-column-0 fusion_builder_column_1_1 1_1 fusion-flex-column\" style=\"--awb-bg-size:cover;--awb-width-large:100%;--awb-margin-top-large:0px;--awb-spacing-right-large:2.375%;--awb-margin-bottom-large:0px;--awb-spacing-left-large:2.375%;--awb-width-medium:100%;--awb-order-medium:0;--awb-spacing-right-medium:2.375%;--awb-spacing-left-medium:2.375%;--awb-width-small:100%;--awb-order-small:0;--awb-spacing-right-small:2.375%;--awb-spacing-left-small:2.375%;\"><div class=\"fusion-column-wrapper fusion-column-has-shadow fusion-flex-justify-content-flex-start fusion-content-layout-column\"><div class=\"fusion-builder-row fusion-builder-row-inner fusion-row fusion-flex-align-items-flex-start fusion-flex-content-wrap\" style=\"width:105% !important;max-width:105% !important;margin-left: calc(-5% \/ 2 );margin-right: calc(-5% \/ 2 );\"><div class=\"fusion-layout-column fusion_builder_column_inner fusion-builder-nested-column-0 fusion_builder_column_inner_1_1 1_1 fusion-flex-column\" style=\"--awb-bg-size:cover;--awb-width-large:100%;--awb-margin-top-large:0px;--awb-spacing-right-large:2.375%;--awb-margin-bottom-large:0px;--awb-spacing-left-large:2.375%;--awb-width-medium:100%;--awb-order-medium:0;--awb-spacing-right-medium:2.375%;--awb-spacing-left-medium:2.375%;--awb-width-small:100%;--awb-order-small:0;--awb-spacing-right-small:2.375%;--awb-spacing-left-small:2.375%;\"><div class=\"fusion-column-wrapper fusion-column-has-shadow fusion-flex-justify-content-flex-start fusion-content-layout-column\"><div class=\"fusion-text fusion-text-1\"><h4>Hulumtimi<\/h4>\n<p><strong>Faunistic data base for Kosovo<\/strong><\/p>\n<p>Numerous faunistic data were collected, especially during the summer schools but also during other field trips. Many of these data are documented with collected specimens. In addition, there are also numerous visual observations, especially of vertebrates. The database currently contains more than 2,700 records and can be used to estimate the distribution of individual animal species in Kosovo.<\/p>\n<p><strong>Kurset e unazimit t\u00eb shpend\u00ebve<\/strong><\/p>\n<p>Q\u00eb nga viti 2016, Kosova ka mir\u00ebpritur pun\u00ebtorit\u00eb p\u00ebr unazimin e shpend\u00ebve t\u00eb udh\u00ebhequra nga Universiteti i Konstanzes dhe Instituti Max Planck p\u00ebr Ornitologji. K\u00ebto kurse u ofrojn\u00eb student\u00ebve trajnim praktik n\u00eb hulumtimin e shpend\u00ebve dhe kontribuojn\u00eb n\u00eb p\u00ebrpjekjet globale t\u00eb ruajtjes.<\/p>\n<p>Pun\u00ebtoria e par\u00eb, e udh\u00ebhequr nga Dr. Wolfgang Fiedler n\u00eb 2016, i njoftoi student\u00ebt vendas me teknikat e unazimit t\u00eb shpend\u00ebve. Me kalimin e viteve, k\u00ebto pun\u00ebtori jan\u00eb rritur duke p\u00ebrfshir\u00eb pjes\u00ebmarr\u00ebs nga Kosova, Shqip\u00ebria dhe m\u00eb gjer\u00eb. Nj\u00eb moment i madh historik u arrit kur KEERC-i kreu unazimin e par\u00eb t\u00eb shpend\u00ebve n\u00eb Kosov\u00eb, duke p\u00ebrdorur unazat e sjella nga Gjermania, pasi vendit ende i mungojn\u00eb unazat e veta komb\u00ebtare.<\/p>\n<p>Deri n\u00eb vitin 2018, KEERC-i kishte marr\u00eb nj\u00eb rol aktiv n\u00eb organizimin e kurseve t\u00eb fokusuara n\u00eb gjurmimin e shpend\u00ebve shtegtar\u00eb dhe nd\u00ebrgjegj\u00ebsimin p\u00ebr ruajtjen. Me mb\u00ebshtetjen e vazhdueshme nga ekspert\u00ebt nd\u00ebrkomb\u00ebtar\u00eb dhe vendor\u00eb, Kosova vazhdon t\u00eb zgjeroj\u00eb rolin e saj n\u00eb k\u00ebrkimet globale ornitologjike.<\/p>\n<p><strong>Monitorimi i shtegtimit t\u00eb lejlek\u00ebve<\/strong><\/p>\n<p>N\u00eb bashk\u00ebpunim me ekspert\u00ebt e Institutit Max Planck p\u00ebr Ornitologji dhe Universitetit te Konstanzes n\u00eb Gjermani n\u00eb vitet 2016 - 2018 p\u00ebr her\u00eb t\u00eb par\u00eb n\u00eb Kosov\u00eb filloi nj\u00eb pilot projekt p\u00ebr unazimin e Lejlekut t\u00eb Bardh\u00eb dhe gjurmimin me GPS.<\/p>\n<p>Deri m\u00eb tani, rrug\u00ebt e shtegtimit t\u00eb 8 individ\u00ebve t\u00eb lejlek\u00ebve t\u00eb bardh\u00eb dhe 1 lejleku t\u00eb zi jan\u00eb gjurmuar n\u00eb bashk\u00ebpunim me Universitetin e Konstanzes dhe Institutin Max Planck p\u00ebr Ornitologji duke p\u00ebrdorur regjistrues t\u00eb paneleve diellore GPS\/ACC me precizitet t\u00eb lart\u00eb, duke p\u00ebrfshir\u00eb p\u00ebrshpejtuesit (E-Obs GmbH; Mynih, Gjermani) q\u00eb u jan\u00eb vendosur te vegjelve te lejlekeve.<\/p>\n<p>Our results from satellite tracking enable us to document, for the first time, the passage and stopover patterns of White Storks from their breeding ground in Kosovo into the overwintering place in northern, central eastern and southern Africa.<\/p>\n<p><strong>Herpetology courses<\/strong><\/p>\n<p>Together with students from the University of Prishtina, Dr.sc. Karsten Sch\u00e4fer conducted two field herpetology courses. The results are an important contribution to the knowledge of the amphibians and reptiles of Kosovo.<\/p>\n<p><strong>Bats<\/strong><\/p>\n<p>During the summer schools and other courses, numerous caves were studied for their bat fauna. Several species were identified, including one new to Kosovo.<\/p>\n<p><strong>Regjistrimi i shpendeve te ujit<\/strong><\/p>\n<p>Regjistrimi Nd\u00ebrkomb\u00ebtar i shpend\u00ebve t\u00eb ujit (IWC), si nj\u00eb program monitorimi global p\u00ebr t\u00eb vler\u00ebsuar statusin e shpend\u00ebve ujor\u00eb dhe ligatinave, i kryer \u00e7do vit n\u00eb muajin Janar n\u00eb baza vullnetare, luan nj\u00eb rol vendimtar n\u00eb gjurmimin e popullatave t\u00eb shpend\u00ebve t\u00eb ujit dhe habitateve t\u00eb tyre n\u00eb mbar\u00eb bot\u00ebn.<\/p>\n<p>N\u00eb Kosov\u00eb, IWC u inicua p\u00ebr her\u00eb t\u00eb par\u00eb n\u00eb vitin 2019 p\u00ebrmes p\u00ebrpjekjeve t\u00eb KEERCit n\u00eb bashk\u00ebpunim me Ministrin\u00eb e Mjedisit, Planifikimit Hap\u00ebsinor dhe Infrastruktur\u00ebs. Regjistrimi u zhvillua gjat\u00eb nj\u00eb periudhe kur popullatat e shpend\u00ebve ujor\u00eb dim\u00ebrues jan\u00eb m\u00eb t\u00eb q\u00ebndrueshme dhe mbeten n\u00eb vende t\u00eb caktuara. Duke p\u00ebrdorur dylbite dhe teleskopet e siguruara nga KEERC, v\u00ebzhguesit kryen num\u00ebrimin n\u00eb 10 ligatina t\u00eb caktuara t\u00eb p\u00ebrfshira n\u00eb rrjetin e IWC. Kjo pjes\u00ebmarrje p\u00ebr her\u00eb t\u00eb par\u00eb sh\u00ebnoi nj\u00eb hap t\u00eb r\u00ebnd\u00ebsish\u00ebm drejt p\u00ebrmir\u00ebsimit t\u00eb monitorimit t\u00eb shpend\u00ebve ujor\u00eb n\u00eb Kosov\u00eb dhe vendosjen e bazave p\u00ebr avancimet e ardhshme n\u00eb p\u00ebrpjekjet e ruajtjes.<\/p>\n<p>Covering multiple wetland sites, this initiative provides essential data for conservation efforts and raises awareness about waterbird conservation. KEERC&#8217;s ongoing work ensures Kosovo&#8217;s contribution to global bird monitoring and wetland conservation.<\/p>\n<\/div><\/div><\/div><\/div><\/div><\/div><\/div><\/div>","protected":false},"excerpt":{"rendered":"","protected":false},"author":1,"featured_media":0,"parent":0,"menu_order":0,"comment_status":"closed","ping_status":"closed","template":"","meta":{"footnotes":""},"class_list":["post-2992","page","type-page","status-publish","hentry"],"yoast_head":"<!-- This site is optimized with the Yoast SEO plugin v27.3 - https:\/\/yoast.com\/product\/yoast-seo-wordpress\/ -->\n<title>Research - KEERC<\/title>\n<meta name=\"robots\" content=\"index, follow, max-snippet:-1, max-image-preview:large, max-video-preview:-1\" \/>\n<link rel=\"canonical\" href=\"https:\/\/keerc.org\/sq\/research\/\" \/>\n<meta property=\"og:locale\" content=\"sq_AL\" \/>\n<meta property=\"og:type\" content=\"article\" \/>\n<meta property=\"og:title\" content=\"Research - KEERC\" \/>\n<meta property=\"og:url\" content=\"https:\/\/keerc.org\/sq\/research\/\" \/>\n<meta property=\"og:site_name\" content=\"KEERC\" \/>\n<meta property=\"article:modified_time\" content=\"2025-03-26T01:24:41+00:00\" \/>\n<meta name=\"twitter:card\" content=\"summary_large_image\" \/>\n<meta name=\"twitter:label1\" content=\"Est. reading time\" \/>\n\t<meta name=\"twitter:data1\" content=\"2 minuta\" \/>\n<script type=\"application\/ld+json\" class=\"yoast-schema-graph\">{\"@context\":\"https:\\\/\\\/schema.org\",\"@graph\":[{\"@type\":\"WebPage\",\"@id\":\"https:\\\/\\\/keerc.org\\\/research\\\/\",\"url\":\"https:\\\/\\\/keerc.org\\\/research\\\/\",\"name\":\"Research - KEERC\",\"isPartOf\":{\"@id\":\"https:\\\/\\\/keerc.org\\\/#website\"},\"datePublished\":\"2025-03-23T14:26:31+00:00\",\"dateModified\":\"2025-03-26T01:24:41+00:00\",\"breadcrumb\":{\"@id\":\"https:\\\/\\\/keerc.org\\\/research\\\/#breadcrumb\"},\"inLanguage\":\"sq\",\"potentialAction\":[{\"@type\":\"ReadAction\",\"target\":[\"https:\\\/\\\/keerc.org\\\/research\\\/\"]}]},{\"@type\":\"BreadcrumbList\",\"@id\":\"https:\\\/\\\/keerc.org\\\/research\\\/#breadcrumb\",\"itemListElement\":[{\"@type\":\"ListItem\",\"position\":1,\"name\":\"Home\",\"item\":\"https:\\\/\\\/keerc.org\\\/\"},{\"@type\":\"ListItem\",\"position\":2,\"name\":\"Research\"}]},{\"@type\":\"WebSite\",\"@id\":\"https:\\\/\\\/keerc.org\\\/#website\",\"url\":\"https:\\\/\\\/keerc.org\\\/\",\"name\":\"KEERC\",\"description\":\"\",\"potentialAction\":[{\"@type\":\"SearchAction\",\"target\":{\"@type\":\"EntryPoint\",\"urlTemplate\":\"https:\\\/\\\/keerc.org\\\/?s={search_term_string}\"},\"query-input\":{\"@type\":\"PropertyValueSpecification\",\"valueRequired\":true,\"valueName\":\"search_term_string\"}}],\"inLanguage\":\"sq\"}]}<\/script>\n<!-- \/ Yoast SEO plugin. -->","yoast_head_json":{"title":"Research - KEERC","robots":{"index":"index","follow":"follow","max-snippet":"max-snippet:-1","max-image-preview":"max-image-preview:large","max-video-preview":"max-video-preview:-1"},"canonical":"https:\/\/keerc.org\/sq\/research\/","og_locale":"sq_AL","og_type":"article","og_title":"Research - KEERC","og_url":"https:\/\/keerc.org\/sq\/research\/","og_site_name":"KEERC","article_modified_time":"2025-03-26T01:24:41+00:00","twitter_card":"summary_large_image","twitter_misc":{"Est. reading time":"2 minuta"},"schema":{"@context":"https:\/\/schema.org","@graph":[{"@type":"WebPage","@id":"https:\/\/keerc.org\/research\/","url":"https:\/\/keerc.org\/research\/","name":"Research - KEERC","isPartOf":{"@id":"https:\/\/keerc.org\/#website"},"datePublished":"2025-03-23T14:26:31+00:00","dateModified":"2025-03-26T01:24:41+00:00","breadcrumb":{"@id":"https:\/\/keerc.org\/research\/#breadcrumb"},"inLanguage":"sq","potentialAction":[{"@type":"ReadAction","target":["https:\/\/keerc.org\/research\/"]}]},{"@type":"BreadcrumbList","@id":"https:\/\/keerc.org\/research\/#breadcrumb","itemListElement":[{"@type":"ListItem","position":1,"name":"Home","item":"https:\/\/keerc.org\/"},{"@type":"ListItem","position":2,"name":"Research"}]},{"@type":"WebSite","@id":"https:\/\/keerc.org\/#website","url":"https:\/\/keerc.org\/","name":"KEERC","description":"","potentialAction":[{"@type":"SearchAction","target":{"@type":"EntryPoint","urlTemplate":"https:\/\/keerc.org\/?s={search_term_string}"},"query-input":{"@type":"PropertyValueSpecification","valueRequired":true,"valueName":"search_term_string"}}],"inLanguage":"sq"}]}},"_links":{"self":[{"href":"https:\/\/keerc.org\/sq\/wp-json\/wp\/v2\/pages\/2992","targetHints":{"allow":["GET"]}}],"collection":[{"href":"https:\/\/keerc.org\/sq\/wp-json\/wp\/v2\/pages"}],"about":[{"href":"https:\/\/keerc.org\/sq\/wp-json\/wp\/v2\/types\/page"}],"author":[{"embeddable":true,"href":"https:\/\/keerc.org\/sq\/wp-json\/wp\/v2\/users\/1"}],"replies":[{"embeddable":true,"href":"https:\/\/keerc.org\/sq\/wp-json\/wp\/v2\/comments?post=2992"}],"version-history":[{"count":4,"href":"https:\/\/keerc.org\/sq\/wp-json\/wp\/v2\/pages\/2992\/revisions"}],"predecessor-version":[{"id":3036,"href":"https:\/\/keerc.org\/sq\/wp-json\/wp\/v2\/pages\/2992\/revisions\/3036"}],"wp:attachment":[{"href":"https:\/\/keerc.org\/sq\/wp-json\/wp\/v2\/media?parent=2992"}],"curies":[{"name":"wp","href":"https:\/\/api.w.org\/{rel}","templated":true}]}}