{"id":3003,"date":"2025-03-23T14:30:06","date_gmt":"2025-03-23T14:30:06","guid":{"rendered":"https:\/\/keerc.org\/?page_id=3003"},"modified":"2025-03-27T00:36:23","modified_gmt":"2025-03-27T00:36:23","slug":"educational-activities","status":"publish","type":"page","link":"https:\/\/keerc.org\/sq\/educational-activities\/","title":{"rendered":"Aktivitetet edukative"},"content":{"rendered":"<div class=\"fusion-fullwidth fullwidth-box fusion-builder-row-1 fusion-flex-container has-pattern-background has-mask-background nonhundred-percent-fullwidth non-hundred-percent-height-scrolling\" style=\"--awb-border-radius-top-left:0px;--awb-border-radius-top-right:0px;--awb-border-radius-bottom-right:0px;--awb-border-radius-bottom-left:0px;--awb-flex-wrap:wrap;\" ><div class=\"fusion-builder-row fusion-row fusion-flex-align-items-flex-start fusion-flex-content-wrap\" style=\"max-width:1302px;margin-left: calc(-5% \/ 2 );margin-right: calc(-5% \/ 2 );\"><div class=\"fusion-layout-column fusion_builder_column fusion-builder-column-0 fusion_builder_column_1_1 1_1 fusion-flex-column\" style=\"--awb-bg-size:cover;--awb-width-large:100%;--awb-margin-top-large:0px;--awb-spacing-right-large:2.375%;--awb-margin-bottom-large:0px;--awb-spacing-left-large:2.375%;--awb-width-medium:100%;--awb-order-medium:0;--awb-spacing-right-medium:2.375%;--awb-spacing-left-medium:2.375%;--awb-width-small:100%;--awb-order-small:0;--awb-spacing-right-small:2.375%;--awb-spacing-left-small:2.375%;\"><div class=\"fusion-column-wrapper fusion-column-has-shadow fusion-flex-justify-content-flex-start fusion-content-layout-column\"><div class=\"fusion-builder-row fusion-builder-row-inner fusion-row fusion-flex-align-items-flex-start fusion-flex-content-wrap\" style=\"width:105% !important;max-width:105% !important;margin-left: calc(-5% \/ 2 );margin-right: calc(-5% \/ 2 );\"><div class=\"fusion-layout-column fusion_builder_column_inner fusion-builder-nested-column-0 fusion_builder_column_inner_1_1 1_1 fusion-flex-column\" style=\"--awb-bg-size:cover;--awb-width-large:100%;--awb-margin-top-large:0px;--awb-spacing-right-large:2.375%;--awb-margin-bottom-large:0px;--awb-spacing-left-large:2.375%;--awb-width-medium:100%;--awb-order-medium:0;--awb-spacing-right-medium:2.375%;--awb-spacing-left-medium:2.375%;--awb-width-small:100%;--awb-order-small:0;--awb-spacing-right-small:2.375%;--awb-spacing-left-small:2.375%;\"><div class=\"fusion-column-wrapper fusion-column-has-shadow fusion-flex-justify-content-flex-start fusion-content-layout-column\"><div class=\"fusion-text fusion-text-1\"><h3>Aktivitetet edukative<\/h3>\n<p><strong>Dita Nd\u00ebrkomb\u00ebtare e Biodiversitetit<\/strong><\/p>\n<p>KEERC, n\u00eb bashk\u00ebpunim me MMPHI, festuan Dit\u00ebn Nd\u00ebrkomb\u00ebtare t\u00eb Biodiversitetit m\u00eb 22 maj p\u00ebrmes aktiviteteve edukative n\u00eb stacionin e saj te terrenit n\u00eb Prizren, duke bashkuar student\u00ebt, ekspert\u00ebt dhe mysafir\u00ebt p\u00ebr t\u00eb promovuar nd\u00ebrgjegj\u00ebsimin p\u00ebr biodiversitetin n\u00ebn tem\u00ebn \"B\u00ebhu pjes\u00eb e planit\", duke theksuar r\u00ebnd\u00ebsin\u00eb e p\u00ebrpjekjeve p\u00ebr ruajtjen n\u00eb t\u00eb gjitha nivelet.<\/p>\n<p><u><a href=\"https:\/\/keerc.org\/sq\/international-biodiversity-day-was-celebrated\/\">https:\/\/keerc.org\/international-biodiversity-day-was-celebrated\/<\/a><\/u><\/p>\n<p><strong>Dita Bot\u00ebrore e Ujit dhe Dita Bot\u00ebrore e Meteorologjis\u00eb<\/strong><\/p>\n<p>M\u00eb 22 mars 2024, u festuan Dita Bot\u00ebrore e Ujit dhe Dita Bot\u00ebrore e Meteorologjis\u00eb n\u00eb Institutin Hidrometeorologjik t\u00eb Kosov\u00ebs me nx\u00ebn\u00ebsit e klas\u00ebs s\u00eb dyt\u00eb t\u00eb shkoll\u00ebs fillore \u201cMihal Grameno\u201d n\u00eb Fush\u00eb Kosov\u00eb. Nx\u00ebn\u00ebsit m\u00ebsuan p\u00ebr r\u00ebnd\u00ebsin\u00eb e ujit dhe burimeve ujore t\u00eb vendit, nd\u00ebrsa diskutuan edhe p\u00ebr ndryshimet klimatike. Si pjes\u00eb e ngjarjes, Sht\u00ebpia e Evrop\u00ebs Kosova shp\u00ebrndau serin\u00eb e librave \u201cMbrojt\u00ebsit e planetit\u201d p\u00ebr t\u00eb nxitur nd\u00ebrgjegj\u00ebsimin mjedisor te nx\u00ebn\u00ebsit.<\/p>\n<p><u><a href=\"https:\/\/keerc.org\/sq\/u-shenua-dita-boterore-e-ujit-dhe-dita-boterore-e-meteorologjise\/\">https:\/\/keerc.org\/sq\/u-shenua-dita-boterore-e-ujit-dhe-dita-boterore-e-meteorologjise\/<\/a><\/u><\/p>\n<p><strong>Trajnim me Rojet e PK<\/strong><\/p>\n<p>Nj\u00eb pun\u00ebtori n\u00eb stacionin fushor te KEERC-it n\u00eb Prizren me roje t\u00eb natyr\u00ebs nga Parqet Komb\u00ebtare \u201cSharri\u201d dhe \u201cBjeshk\u00ebt e Nemuna\u201d u fokusua n\u00eb mbrojtjen e natyr\u00ebs, biodiversitetin dhe turizmin. Rojet m\u00ebsuan p\u00ebr mjetet e GIS-it dhe mor\u00ebn pjes\u00eb n\u00eb nj\u00eb sesion praktik n\u00eb Prevall\u00eb, duke u fokusuar n\u00eb monitorimin e llojeve dhe ndikimin e zjarreve n\u00eb zhdukjen e llojeve. Aktiviteti u organizua me Universitetin e Konstanzes, KEERC dhe AMMK. <u><\/u><\/p>\n<p><u><a href=\"https:\/\/keerc.org\/sq\/trajnim-me-rojet-e-parqeve-kombetare\/\">https:\/\/keerc.org\/trajnim-me-rojet-e-parqeve-kombetare\/<\/a><\/u><\/p>\n<\/div><\/div><\/div><\/div><\/div><\/div><\/div><\/div>","protected":false},"excerpt":{"rendered":"","protected":false},"author":1,"featured_media":0,"parent":0,"menu_order":0,"comment_status":"closed","ping_status":"closed","template":"","meta":{"footnotes":""},"class_list":["post-3003","page","type-page","status-publish","hentry"],"yoast_head":"<!-- This site is optimized with the Yoast SEO plugin v27.3 - https:\/\/yoast.com\/product\/yoast-seo-wordpress\/ -->\n<title>Educational activities - KEERC<\/title>\n<meta name=\"robots\" content=\"index, follow, max-snippet:-1, max-image-preview:large, max-video-preview:-1\" \/>\n<link rel=\"canonical\" href=\"https:\/\/keerc.org\/sq\/educational-activities\/\" \/>\n<meta property=\"og:locale\" content=\"sq_AL\" \/>\n<meta property=\"og:type\" content=\"article\" \/>\n<meta property=\"og:title\" content=\"Educational activities - KEERC\" \/>\n<meta property=\"og:url\" content=\"https:\/\/keerc.org\/sq\/educational-activities\/\" \/>\n<meta property=\"og:site_name\" content=\"KEERC\" \/>\n<meta property=\"article:modified_time\" content=\"2025-03-27T00:36:23+00:00\" \/>\n<meta name=\"twitter:card\" content=\"summary_large_image\" \/>\n<meta name=\"twitter:label1\" content=\"Est. reading time\" \/>\n\t<meta name=\"twitter:data1\" content=\"1 minut\u00eb\" \/>\n<script type=\"application\/ld+json\" class=\"yoast-schema-graph\">{\"@context\":\"https:\\\/\\\/schema.org\",\"@graph\":[{\"@type\":\"WebPage\",\"@id\":\"https:\\\/\\\/keerc.org\\\/educational-activities\\\/\",\"url\":\"https:\\\/\\\/keerc.org\\\/educational-activities\\\/\",\"name\":\"Educational activities - KEERC\",\"isPartOf\":{\"@id\":\"https:\\\/\\\/keerc.org\\\/#website\"},\"datePublished\":\"2025-03-23T14:30:06+00:00\",\"dateModified\":\"2025-03-27T00:36:23+00:00\",\"breadcrumb\":{\"@id\":\"https:\\\/\\\/keerc.org\\\/educational-activities\\\/#breadcrumb\"},\"inLanguage\":\"sq\",\"potentialAction\":[{\"@type\":\"ReadAction\",\"target\":[\"https:\\\/\\\/keerc.org\\\/educational-activities\\\/\"]}]},{\"@type\":\"BreadcrumbList\",\"@id\":\"https:\\\/\\\/keerc.org\\\/educational-activities\\\/#breadcrumb\",\"itemListElement\":[{\"@type\":\"ListItem\",\"position\":1,\"name\":\"Home\",\"item\":\"https:\\\/\\\/keerc.org\\\/\"},{\"@type\":\"ListItem\",\"position\":2,\"name\":\"Educational activities\"}]},{\"@type\":\"WebSite\",\"@id\":\"https:\\\/\\\/keerc.org\\\/#website\",\"url\":\"https:\\\/\\\/keerc.org\\\/\",\"name\":\"KEERC\",\"description\":\"\",\"potentialAction\":[{\"@type\":\"SearchAction\",\"target\":{\"@type\":\"EntryPoint\",\"urlTemplate\":\"https:\\\/\\\/keerc.org\\\/?s={search_term_string}\"},\"query-input\":{\"@type\":\"PropertyValueSpecification\",\"valueRequired\":true,\"valueName\":\"search_term_string\"}}],\"inLanguage\":\"sq\"}]}<\/script>\n<!-- \/ Yoast SEO plugin. -->","yoast_head_json":{"title":"Educational activities - KEERC","robots":{"index":"index","follow":"follow","max-snippet":"max-snippet:-1","max-image-preview":"max-image-preview:large","max-video-preview":"max-video-preview:-1"},"canonical":"https:\/\/keerc.org\/sq\/educational-activities\/","og_locale":"sq_AL","og_type":"article","og_title":"Educational activities - KEERC","og_url":"https:\/\/keerc.org\/sq\/educational-activities\/","og_site_name":"KEERC","article_modified_time":"2025-03-27T00:36:23+00:00","twitter_card":"summary_large_image","twitter_misc":{"Est. reading time":"1 minut\u00eb"},"schema":{"@context":"https:\/\/schema.org","@graph":[{"@type":"WebPage","@id":"https:\/\/keerc.org\/educational-activities\/","url":"https:\/\/keerc.org\/educational-activities\/","name":"Educational activities - KEERC","isPartOf":{"@id":"https:\/\/keerc.org\/#website"},"datePublished":"2025-03-23T14:30:06+00:00","dateModified":"2025-03-27T00:36:23+00:00","breadcrumb":{"@id":"https:\/\/keerc.org\/educational-activities\/#breadcrumb"},"inLanguage":"sq","potentialAction":[{"@type":"ReadAction","target":["https:\/\/keerc.org\/educational-activities\/"]}]},{"@type":"BreadcrumbList","@id":"https:\/\/keerc.org\/educational-activities\/#breadcrumb","itemListElement":[{"@type":"ListItem","position":1,"name":"Home","item":"https:\/\/keerc.org\/"},{"@type":"ListItem","position":2,"name":"Educational activities"}]},{"@type":"WebSite","@id":"https:\/\/keerc.org\/#website","url":"https:\/\/keerc.org\/","name":"KEERC","description":"","potentialAction":[{"@type":"SearchAction","target":{"@type":"EntryPoint","urlTemplate":"https:\/\/keerc.org\/?s={search_term_string}"},"query-input":{"@type":"PropertyValueSpecification","valueRequired":true,"valueName":"search_term_string"}}],"inLanguage":"sq"}]}},"_links":{"self":[{"href":"https:\/\/keerc.org\/sq\/wp-json\/wp\/v2\/pages\/3003","targetHints":{"allow":["GET"]}}],"collection":[{"href":"https:\/\/keerc.org\/sq\/wp-json\/wp\/v2\/pages"}],"about":[{"href":"https:\/\/keerc.org\/sq\/wp-json\/wp\/v2\/types\/page"}],"author":[{"embeddable":true,"href":"https:\/\/keerc.org\/sq\/wp-json\/wp\/v2\/users\/1"}],"replies":[{"embeddable":true,"href":"https:\/\/keerc.org\/sq\/wp-json\/wp\/v2\/comments?post=3003"}],"version-history":[{"count":5,"href":"https:\/\/keerc.org\/sq\/wp-json\/wp\/v2\/pages\/3003\/revisions"}],"predecessor-version":[{"id":3058,"href":"https:\/\/keerc.org\/sq\/wp-json\/wp\/v2\/pages\/3003\/revisions\/3058"}],"wp:attachment":[{"href":"https:\/\/keerc.org\/sq\/wp-json\/wp\/v2\/media?parent=3003"}],"curies":[{"name":"wp","href":"https:\/\/api.w.org\/{rel}","templated":true}]}}